{"id":439,"date":"2020-11-03T10:50:34","date_gmt":"2020-11-03T10:50:34","guid":{"rendered":"http:\/\/remico-comprest.ro\/?page_id=439"},"modified":"2020-11-03T11:04:20","modified_gmt":"2020-11-03T11:04:20","slug":"ce-facem-lucrari-de-constructii-montaj","status":"publish","type":"page","link":"https:\/\/remico-comprest.ro\/en\/what-are-we-doing-construction-works-assembly\/","title":{"rendered":"Construction works assembly"},"content":{"rendered":"<div data-elementor-type=\"wp-page\" data-elementor-id=\"439\" class=\"elementor elementor-439\" data-elementor-settings=\"[]\">\n\t\t\t\t\t\t<div class=\"elementor-inner\">\n\t\t\t\t\t\t\t<div class=\"elementor-section-wrap\">\n\t\t\t\t\t\t\t<section class=\"elementor-section elementor-top-section elementor-element elementor-element-e7c8a4e elementor-section-height-min-height elementor-section-boxed elementor-section-height-default elementor-section-items-middle\" data-id=\"e7c8a4e\" data-element_type=\"section\" data-settings=\"{&quot;background_background&quot;:&quot;classic&quot;}\">\n\t\t\t\t\t\t\t<div class=\"elementor-background-overlay\"><\/div>\n\t\t\t\t\t\t\t<div class=\"elementor-container elementor-column-gap-default\">\n\t\t\t\t\t\t\t<div class=\"elementor-row\">\n\t\t\t\t\t<div class=\"elementor-column elementor-col-50 elementor-top-column elementor-element elementor-element-5c883fd\" data-id=\"5c883fd\" data-element_type=\"column\">\n\t\t\t<div class=\"elementor-column-wrap\">\n\t\t\t\t\t\t\t<div class=\"elementor-widget-wrap\">\n\t\t\t\t\t\t\t\t<\/div>\n\t\t\t\t\t<\/div>\n\t\t<\/div>\n\t\t\t\t<div class=\"elementor-column elementor-col-50 elementor-top-column elementor-element elementor-element-c954fce\" data-id=\"c954fce\" data-element_type=\"column\">\n\t\t\t<div class=\"elementor-column-wrap elementor-element-populated\">\n\t\t\t\t\t\t\t<div class=\"elementor-widget-wrap\">\n\t\t\t\t\t\t<div class=\"elementor-element elementor-element-364190b elementor-widget elementor-widget-heading\" data-id=\"364190b\" data-element_type=\"widget\" data-widget_type=\"heading.default\">\n\t\t\t\t<div class=\"elementor-widget-container\">\n\t\t\t<h6 class=\"elementor-heading-title elementor-size-default\">What are we doing<\/h6>\t\t<\/div>\n\t\t\t\t<\/div>\n\t\t\t\t<div class=\"elementor-element elementor-element-584f4c9 elementor-widget elementor-widget-heading\" data-id=\"584f4c9\" data-element_type=\"widget\" data-widget_type=\"heading.default\">\n\t\t\t\t<div class=\"elementor-widget-container\">\n\t\t\t<h2 class=\"elementor-heading-title elementor-size-default\">Construction works assembly<\/h2>\t\t<\/div>\n\t\t\t\t<\/div>\n\t\t\t\t\t\t<\/div>\n\t\t\t\t\t<\/div>\n\t\t<\/div>\n\t\t\t\t\t\t\t\t<\/div>\n\t\t\t\t\t<\/div>\n\t\t<\/section>\n\t\t\t\t<section class=\"elementor-section elementor-top-section elementor-element elementor-element-bdd73a4 elementor-reverse-tablet elementor-reverse-mobile elementor-section-boxed elementor-section-height-default elementor-section-height-default\" data-id=\"bdd73a4\" data-element_type=\"section\" data-settings=\"{&quot;background_background&quot;:&quot;gradient&quot;}\">\n\t\t\t\t\t\t<div class=\"elementor-container elementor-column-gap-default\">\n\t\t\t\t\t\t\t<div class=\"elementor-row\">\n\t\t\t\t\t<div class=\"elementor-column elementor-col-50 elementor-top-column elementor-element elementor-element-edfb366\" data-id=\"edfb366\" data-element_type=\"column\">\n\t\t\t<div class=\"elementor-column-wrap elementor-element-populated\">\n\t\t\t\t\t\t\t<div class=\"elementor-widget-wrap\">\n\t\t\t\t\t\t<div class=\"elementor-element elementor-element-0832e17 elementor-widget elementor-widget-image\" data-id=\"0832e17\" data-element_type=\"widget\" data-widget_type=\"image.default\">\n\t\t\t\t<div class=\"elementor-widget-container\">\n\t\t\t\t\t<div class=\"elementor-image\">\n\t\t\t\t\t\t\t\t\t\t<img width=\"2048\" height=\"1365\" src=\"https:\/\/remico-comprest.ro\/wp-content\/uploads\/2020\/11\/lucrari-constructii-montaj-1.jpg\" class=\"elementor-animation-grow attachment-full size-full\" alt=\"\" loading=\"lazy\" srcset=\"https:\/\/remico-comprest.ro\/wp-content\/uploads\/2020\/11\/lucrari-constructii-montaj-1.jpg 2048w, https:\/\/remico-comprest.ro\/wp-content\/uploads\/2020\/11\/lucrari-constructii-montaj-1-300x200.jpg 300w, https:\/\/remico-comprest.ro\/wp-content\/uploads\/2020\/11\/lucrari-constructii-montaj-1-1024x683.jpg 1024w, https:\/\/remico-comprest.ro\/wp-content\/uploads\/2020\/11\/lucrari-constructii-montaj-1-768x512.jpg 768w, https:\/\/remico-comprest.ro\/wp-content\/uploads\/2020\/11\/lucrari-constructii-montaj-1-1536x1024.jpg 1536w\" sizes=\"(max-width: 2048px) 100vw, 2048px\" \/>\t\t\t\t\t\t\t\t\t\t\t<\/div>\n\t\t\t\t<\/div>\n\t\t\t\t<\/div>\n\t\t\t\t<div class=\"elementor-element elementor-element-16036ba elementor-widget elementor-widget-image\" data-id=\"16036ba\" data-element_type=\"widget\" data-widget_type=\"image.default\">\n\t\t\t\t<div class=\"elementor-widget-container\">\n\t\t\t\t\t<div class=\"elementor-image\">\n\t\t\t\t\t\t\t\t\t\t<img width=\"2048\" height=\"1365\" src=\"https:\/\/remico-comprest.ro\/wp-content\/uploads\/2020\/11\/lucrari-constructii-montaj-3.jpg\" class=\"elementor-animation-grow attachment-full size-full\" alt=\"\" loading=\"lazy\" srcset=\"https:\/\/remico-comprest.ro\/wp-content\/uploads\/2020\/11\/lucrari-constructii-montaj-3.jpg 2048w, https:\/\/remico-comprest.ro\/wp-content\/uploads\/2020\/11\/lucrari-constructii-montaj-3-300x200.jpg 300w, https:\/\/remico-comprest.ro\/wp-content\/uploads\/2020\/11\/lucrari-constructii-montaj-3-1024x683.jpg 1024w, https:\/\/remico-comprest.ro\/wp-content\/uploads\/2020\/11\/lucrari-constructii-montaj-3-768x512.jpg 768w, https:\/\/remico-comprest.ro\/wp-content\/uploads\/2020\/11\/lucrari-constructii-montaj-3-1536x1024.jpg 1536w\" sizes=\"(max-width: 2048px) 100vw, 2048px\" \/>\t\t\t\t\t\t\t\t\t\t\t<\/div>\n\t\t\t\t<\/div>\n\t\t\t\t<\/div>\n\t\t\t\t<div class=\"elementor-element elementor-element-166d320 elementor-widget elementor-widget-image\" data-id=\"166d320\" data-element_type=\"widget\" data-widget_type=\"image.default\">\n\t\t\t\t<div class=\"elementor-widget-container\">\n\t\t\t\t\t<div class=\"elementor-image\">\n\t\t\t\t\t\t\t\t\t\t<img width=\"2048\" height=\"1365\" src=\"https:\/\/remico-comprest.ro\/wp-content\/uploads\/2020\/11\/lucrari-constructii-montaj-4.jpg\" class=\"elementor-animation-grow attachment-full size-full\" alt=\"\" loading=\"lazy\" srcset=\"https:\/\/remico-comprest.ro\/wp-content\/uploads\/2020\/11\/lucrari-constructii-montaj-4.jpg 2048w, https:\/\/remico-comprest.ro\/wp-content\/uploads\/2020\/11\/lucrari-constructii-montaj-4-300x200.jpg 300w, https:\/\/remico-comprest.ro\/wp-content\/uploads\/2020\/11\/lucrari-constructii-montaj-4-1024x683.jpg 1024w, https:\/\/remico-comprest.ro\/wp-content\/uploads\/2020\/11\/lucrari-constructii-montaj-4-768x512.jpg 768w, https:\/\/remico-comprest.ro\/wp-content\/uploads\/2020\/11\/lucrari-constructii-montaj-4-1536x1024.jpg 1536w\" sizes=\"(max-width: 2048px) 100vw, 2048px\" \/>\t\t\t\t\t\t\t\t\t\t\t<\/div>\n\t\t\t\t<\/div>\n\t\t\t\t<\/div>\n\t\t\t\t\t\t<\/div>\n\t\t\t\t\t<\/div>\n\t\t<\/div>\n\t\t\t\t<div class=\"elementor-column elementor-col-50 elementor-top-column elementor-element elementor-element-b8972bd\" data-id=\"b8972bd\" data-element_type=\"column\">\n\t\t\t<div class=\"elementor-column-wrap elementor-element-populated\">\n\t\t\t\t\t\t\t<div class=\"elementor-widget-wrap\">\n\t\t\t\t\t\t<div class=\"elementor-element elementor-element-c1db072 elementor-widget elementor-widget-text-editor\" data-id=\"c1db072\" data-element_type=\"widget\" data-widget_type=\"text-editor.default\">\n\t\t\t\t<div class=\"elementor-widget-container\">\n\t\t\t\t\t<div class=\"elementor-text-editor elementor-clearfix\"><p>* Installation of metal halls according to the project<\/p><p>* Civil and industrial constructions from monolithic or prefabricated concrete<\/p><p>* Reinforcements according to the project<\/p><p>* Excavations<\/p><p>* Clearing irrigation canals<\/p><p>* Overpasses of pipes over canals<\/p><p>* Underpasses of pipeline networks<\/p><p>* Shot blasting operations<\/p><p>* Networks of buried pipes or water-sewer pipes - both steel and PVC, or HDPE<\/p><p>* Hydromechanical installations in water pumping stations<\/p><p>* Soil erosion control works<\/p><p>* Rehabilitation of water pumping stations for irrigation including underground pipelines<\/p><\/div>\n\t\t\t\t<\/div>\n\t\t\t\t<\/div>\n\t\t\t\t<div class=\"elementor-element elementor-element-ebb2d0c elementor-widget elementor-widget-image\" data-id=\"ebb2d0c\" data-element_type=\"widget\" data-widget_type=\"image.default\">\n\t\t\t\t<div class=\"elementor-widget-container\">\n\t\t\t\t\t<div class=\"elementor-image\">\n\t\t\t\t\t\t\t\t\t\t<img width=\"2048\" height=\"1365\" src=\"https:\/\/remico-comprest.ro\/wp-content\/uploads\/2020\/11\/lucrari-constructii-montaj-2.jpg\" class=\"elementor-animation-grow attachment-full size-full\" alt=\"\" loading=\"lazy\" srcset=\"https:\/\/remico-comprest.ro\/wp-content\/uploads\/2020\/11\/lucrari-constructii-montaj-2.jpg 2048w, https:\/\/remico-comprest.ro\/wp-content\/uploads\/2020\/11\/lucrari-constructii-montaj-2-300x200.jpg 300w, https:\/\/remico-comprest.ro\/wp-content\/uploads\/2020\/11\/lucrari-constructii-montaj-2-1024x683.jpg 1024w, https:\/\/remico-comprest.ro\/wp-content\/uploads\/2020\/11\/lucrari-constructii-montaj-2-768x512.jpg 768w, https:\/\/remico-comprest.ro\/wp-content\/uploads\/2020\/11\/lucrari-constructii-montaj-2-1536x1024.jpg 1536w\" sizes=\"(max-width: 2048px) 100vw, 2048px\" \/>\t\t\t\t\t\t\t\t\t\t\t<\/div>\n\t\t\t\t<\/div>\n\t\t\t\t<\/div>\n\t\t\t\t<div class=\"elementor-element elementor-element-b044ca5 elementor-widget elementor-widget-image\" data-id=\"b044ca5\" data-element_type=\"widget\" data-widget_type=\"image.default\">\n\t\t\t\t<div class=\"elementor-widget-container\">\n\t\t\t\t\t<div class=\"elementor-image\">\n\t\t\t\t\t\t\t\t\t\t<img width=\"2048\" height=\"1365\" src=\"https:\/\/remico-comprest.ro\/wp-content\/uploads\/2020\/11\/lucrari-constructii-montaj.jpg\" class=\"elementor-animation-grow attachment-full size-full\" alt=\"\" loading=\"lazy\" srcset=\"https:\/\/remico-comprest.ro\/wp-content\/uploads\/2020\/11\/lucrari-constructii-montaj.jpg 2048w, https:\/\/remico-comprest.ro\/wp-content\/uploads\/2020\/11\/lucrari-constructii-montaj-300x200.jpg 300w, https:\/\/remico-comprest.ro\/wp-content\/uploads\/2020\/11\/lucrari-constructii-montaj-1024x683.jpg 1024w, https:\/\/remico-comprest.ro\/wp-content\/uploads\/2020\/11\/lucrari-constructii-montaj-768x512.jpg 768w, https:\/\/remico-comprest.ro\/wp-content\/uploads\/2020\/11\/lucrari-constructii-montaj-1536x1024.jpg 1536w\" sizes=\"(max-width: 2048px) 100vw, 2048px\" \/>\t\t\t\t\t\t\t\t\t\t\t<\/div>\n\t\t\t\t<\/div>\n\t\t\t\t<\/div>\n\t\t\t\t\t\t<\/div>\n\t\t\t\t\t<\/div>\n\t\t<\/div>\n\t\t\t\t\t\t\t\t<\/div>\n\t\t\t\t\t<\/div>\n\t\t<\/section>\n\t\t\t\t\t\t<\/div>\n\t\t\t\t\t\t<\/div>\n\t\t\t\t\t<\/div>","protected":false},"excerpt":{"rendered":"<p>Ce facem la REMICO COMPREST Lucr\u0103ri de construc\u021bii montaj * Montaj hale metalice dup\u0103 proiect * Construc\u021bii civile \u0219i industriale din beton monolit sau prefabricate * Arm\u0103ri dup\u0103 proiect * S\u0103p\u0103turi * Decolmat\u0103ri canale de iriga\u021bii * Supratravers\u0103ri ale conductelor peste canale * Subtravers\u0103ri de drumuri ale re\u021belelor de conducte * Opera\u021bii de torcretare * [&hellip;]<\/p>","protected":false},"author":1,"featured_media":0,"parent":0,"menu_order":0,"comment_status":"closed","ping_status":"closed","template":"","meta":[],"_links":{"self":[{"href":"https:\/\/remico-comprest.ro\/en\/wp-json\/wp\/v2\/pages\/439"}],"collection":[{"href":"https:\/\/remico-comprest.ro\/en\/wp-json\/wp\/v2\/pages"}],"about":[{"href":"https:\/\/remico-comprest.ro\/en\/wp-json\/wp\/v2\/types\/page"}],"author":[{"embeddable":true,"href":"https:\/\/remico-comprest.ro\/en\/wp-json\/wp\/v2\/users\/1"}],"replies":[{"embeddable":true,"href":"https:\/\/remico-comprest.ro\/en\/wp-json\/wp\/v2\/comments?post=439"}],"version-history":[{"count":0,"href":"https:\/\/remico-comprest.ro\/en\/wp-json\/wp\/v2\/pages\/439\/revisions"}],"wp:attachment":[{"href":"https:\/\/remico-comprest.ro\/en\/wp-json\/wp\/v2\/media?parent=439"}],"curies":[{"name":"wp","href":"https:\/\/api.w.org\/{rel}","templated":true}]}}