{"id":427,"date":"2020-11-03T10:13:52","date_gmt":"2020-11-03T10:13:52","guid":{"rendered":"http:\/\/remico-comprest.ro\/?page_id=427"},"modified":"2021-01-28T08:09:05","modified_gmt":"2021-01-28T08:09:05","slug":"ce-facem-prelucrari-prin-aschiere-remico-comprest","status":"publish","type":"page","link":"https:\/\/remico-comprest.ro\/en\/what-are-we-doing-cutting-processing\/","title":{"rendered":"Prelucrari prin aschiere"},"content":{"rendered":"<div data-elementor-type=\"wp-page\" data-elementor-id=\"427\" class=\"elementor elementor-427\" data-elementor-settings=\"[]\">\n\t\t\t\t\t\t<div class=\"elementor-inner\">\n\t\t\t\t\t\t\t<div class=\"elementor-section-wrap\">\n\t\t\t\t\t\t\t<section class=\"elementor-section elementor-top-section elementor-element elementor-element-e7c8a4e elementor-section-height-min-height elementor-section-boxed elementor-section-height-default elementor-section-items-middle\" data-id=\"e7c8a4e\" data-element_type=\"section\" data-settings=\"{&quot;background_background&quot;:&quot;classic&quot;}\">\n\t\t\t\t\t\t\t<div class=\"elementor-background-overlay\"><\/div>\n\t\t\t\t\t\t\t<div class=\"elementor-container elementor-column-gap-default\">\n\t\t\t\t\t\t\t<div class=\"elementor-row\">\n\t\t\t\t\t<div class=\"elementor-column elementor-col-50 elementor-top-column elementor-element elementor-element-5c883fd\" data-id=\"5c883fd\" data-element_type=\"column\">\n\t\t\t<div class=\"elementor-column-wrap\">\n\t\t\t\t\t\t\t<div class=\"elementor-widget-wrap\">\n\t\t\t\t\t\t\t\t<\/div>\n\t\t\t\t\t<\/div>\n\t\t<\/div>\n\t\t\t\t<div class=\"elementor-column elementor-col-50 elementor-top-column elementor-element elementor-element-c954fce\" data-id=\"c954fce\" data-element_type=\"column\">\n\t\t\t<div class=\"elementor-column-wrap elementor-element-populated\">\n\t\t\t\t\t\t\t<div class=\"elementor-widget-wrap\">\n\t\t\t\t\t\t<div class=\"elementor-element elementor-element-364190b elementor-widget elementor-widget-heading\" data-id=\"364190b\" data-element_type=\"widget\" data-widget_type=\"heading.default\">\n\t\t\t\t<div class=\"elementor-widget-container\">\n\t\t\t<h6 class=\"elementor-heading-title elementor-size-default\">What are we doing<\/h6>\t\t<\/div>\n\t\t\t\t<\/div>\n\t\t\t\t<div class=\"elementor-element elementor-element-584f4c9 elementor-widget elementor-widget-heading\" data-id=\"584f4c9\" data-element_type=\"widget\" data-widget_type=\"heading.default\">\n\t\t\t\t<div class=\"elementor-widget-container\">\n\t\t\t<h2 class=\"elementor-heading-title elementor-size-default\">Cutting processing<\/h2>\t\t<\/div>\n\t\t\t\t<\/div>\n\t\t\t\t\t\t<\/div>\n\t\t\t\t\t<\/div>\n\t\t<\/div>\n\t\t\t\t\t\t\t\t<\/div>\n\t\t\t\t\t<\/div>\n\t\t<\/section>\n\t\t\t\t<section class=\"elementor-section elementor-top-section elementor-element elementor-element-bdd73a4 elementor-reverse-tablet elementor-reverse-mobile elementor-section-boxed elementor-section-height-default elementor-section-height-default\" data-id=\"bdd73a4\" data-element_type=\"section\" data-settings=\"{&quot;background_background&quot;:&quot;gradient&quot;}\">\n\t\t\t\t\t\t<div class=\"elementor-container elementor-column-gap-default\">\n\t\t\t\t\t\t\t<div class=\"elementor-row\">\n\t\t\t\t\t<div class=\"elementor-column elementor-col-50 elementor-top-column elementor-element elementor-element-edfb366\" data-id=\"edfb366\" data-element_type=\"column\">\n\t\t\t<div class=\"elementor-column-wrap elementor-element-populated\">\n\t\t\t\t\t\t\t<div class=\"elementor-widget-wrap\">\n\t\t\t\t\t\t<div class=\"elementor-element elementor-element-0832e17 elementor-widget elementor-widget-image\" data-id=\"0832e17\" data-element_type=\"widget\" data-widget_type=\"image.default\">\n\t\t\t\t<div class=\"elementor-widget-container\">\n\t\t\t\t\t<div class=\"elementor-image\">\n\t\t\t\t\t\t\t\t\t\t<img width=\"2048\" height=\"1365\" src=\"https:\/\/remico-comprest.ro\/wp-content\/uploads\/2020\/11\/prelucrari-prin-aschiere.jpg\" class=\"elementor-animation-grow attachment-full size-full\" alt=\"\" loading=\"lazy\" srcset=\"https:\/\/remico-comprest.ro\/wp-content\/uploads\/2020\/11\/prelucrari-prin-aschiere.jpg 2048w, https:\/\/remico-comprest.ro\/wp-content\/uploads\/2020\/11\/prelucrari-prin-aschiere-300x200.jpg 300w, https:\/\/remico-comprest.ro\/wp-content\/uploads\/2020\/11\/prelucrari-prin-aschiere-1024x683.jpg 1024w, https:\/\/remico-comprest.ro\/wp-content\/uploads\/2020\/11\/prelucrari-prin-aschiere-768x512.jpg 768w, https:\/\/remico-comprest.ro\/wp-content\/uploads\/2020\/11\/prelucrari-prin-aschiere-1536x1024.jpg 1536w\" sizes=\"(max-width: 2048px) 100vw, 2048px\" \/>\t\t\t\t\t\t\t\t\t\t\t<\/div>\n\t\t\t\t<\/div>\n\t\t\t\t<\/div>\n\t\t\t\t<div class=\"elementor-element elementor-element-16036ba elementor-widget elementor-widget-image\" data-id=\"16036ba\" data-element_type=\"widget\" data-widget_type=\"image.default\">\n\t\t\t\t<div class=\"elementor-widget-container\">\n\t\t\t\t\t<div class=\"elementor-image\">\n\t\t\t\t\t\t\t\t\t\t<img width=\"2048\" height=\"1365\" src=\"https:\/\/remico-comprest.ro\/wp-content\/uploads\/2020\/11\/prelucrari-prin-aschiere-3.jpg\" class=\"elementor-animation-grow attachment-full size-full\" alt=\"\" loading=\"lazy\" srcset=\"https:\/\/remico-comprest.ro\/wp-content\/uploads\/2020\/11\/prelucrari-prin-aschiere-3.jpg 2048w, https:\/\/remico-comprest.ro\/wp-content\/uploads\/2020\/11\/prelucrari-prin-aschiere-3-300x200.jpg 300w, https:\/\/remico-comprest.ro\/wp-content\/uploads\/2020\/11\/prelucrari-prin-aschiere-3-1024x683.jpg 1024w, https:\/\/remico-comprest.ro\/wp-content\/uploads\/2020\/11\/prelucrari-prin-aschiere-3-768x512.jpg 768w, https:\/\/remico-comprest.ro\/wp-content\/uploads\/2020\/11\/prelucrari-prin-aschiere-3-1536x1024.jpg 1536w\" sizes=\"(max-width: 2048px) 100vw, 2048px\" \/>\t\t\t\t\t\t\t\t\t\t\t<\/div>\n\t\t\t\t<\/div>\n\t\t\t\t<\/div>\n\t\t\t\t\t\t<\/div>\n\t\t\t\t\t<\/div>\n\t\t<\/div>\n\t\t\t\t<div class=\"elementor-column elementor-col-50 elementor-top-column elementor-element elementor-element-b8972bd\" data-id=\"b8972bd\" data-element_type=\"column\">\n\t\t\t<div class=\"elementor-column-wrap elementor-element-populated\">\n\t\t\t\t\t\t\t<div class=\"elementor-widget-wrap\">\n\t\t\t\t\t\t<div class=\"elementor-element elementor-element-c1db072 elementor-widget elementor-widget-text-editor\" data-id=\"c1db072\" data-element_type=\"widget\" data-widget_type=\"text-editor.default\">\n\t\t\t\t<div class=\"elementor-widget-container\">\n\t\t\t\t\t<div class=\"elementor-text-editor elementor-clearfix\"><p>* External turning up to a diameter of 1080 mm and a maximum length of 2000 mm<\/p><p>* Milling operations, machine mass 800 x 400 mm<\/p><p>* Round inner-outer grinding up to the outer diameter of 430 mm and maximum length of 1000 mm<\/p><p>* Drilling up to a maximum diameter of 60 mm<\/p><p>* Mortise up to 300 mm deep<\/p><\/div>\n\t\t\t\t<\/div>\n\t\t\t\t<\/div>\n\t\t\t\t<div class=\"elementor-element elementor-element-ebb2d0c elementor-widget elementor-widget-image\" data-id=\"ebb2d0c\" data-element_type=\"widget\" data-widget_type=\"image.default\">\n\t\t\t\t<div class=\"elementor-widget-container\">\n\t\t\t\t\t<div class=\"elementor-image\">\n\t\t\t\t\t\t\t\t\t\t<img width=\"2048\" height=\"1365\" src=\"https:\/\/remico-comprest.ro\/wp-content\/uploads\/2020\/11\/prelucrari-prin-aschiere-2.jpg\" class=\"elementor-animation-grow attachment-full size-full\" alt=\"\" loading=\"lazy\" srcset=\"https:\/\/remico-comprest.ro\/wp-content\/uploads\/2020\/11\/prelucrari-prin-aschiere-2.jpg 2048w, https:\/\/remico-comprest.ro\/wp-content\/uploads\/2020\/11\/prelucrari-prin-aschiere-2-300x200.jpg 300w, https:\/\/remico-comprest.ro\/wp-content\/uploads\/2020\/11\/prelucrari-prin-aschiere-2-1024x683.jpg 1024w, https:\/\/remico-comprest.ro\/wp-content\/uploads\/2020\/11\/prelucrari-prin-aschiere-2-768x512.jpg 768w, https:\/\/remico-comprest.ro\/wp-content\/uploads\/2020\/11\/prelucrari-prin-aschiere-2-1536x1024.jpg 1536w\" sizes=\"(max-width: 2048px) 100vw, 2048px\" \/>\t\t\t\t\t\t\t\t\t\t\t<\/div>\n\t\t\t\t<\/div>\n\t\t\t\t<\/div>\n\t\t\t\t<div class=\"elementor-element elementor-element-b044ca5 elementor-widget elementor-widget-image\" data-id=\"b044ca5\" data-element_type=\"widget\" data-widget_type=\"image.default\">\n\t\t\t\t<div class=\"elementor-widget-container\">\n\t\t\t\t\t<div class=\"elementor-image\">\n\t\t\t\t\t\t\t\t\t\t<img width=\"2048\" height=\"1365\" src=\"https:\/\/remico-comprest.ro\/wp-content\/uploads\/2020\/11\/prelucrari-prin-aschiere-4.jpg\" class=\"elementor-animation-grow attachment-full size-full\" alt=\"\" loading=\"lazy\" srcset=\"https:\/\/remico-comprest.ro\/wp-content\/uploads\/2020\/11\/prelucrari-prin-aschiere-4.jpg 2048w, https:\/\/remico-comprest.ro\/wp-content\/uploads\/2020\/11\/prelucrari-prin-aschiere-4-300x200.jpg 300w, https:\/\/remico-comprest.ro\/wp-content\/uploads\/2020\/11\/prelucrari-prin-aschiere-4-1024x683.jpg 1024w, https:\/\/remico-comprest.ro\/wp-content\/uploads\/2020\/11\/prelucrari-prin-aschiere-4-768x512.jpg 768w, https:\/\/remico-comprest.ro\/wp-content\/uploads\/2020\/11\/prelucrari-prin-aschiere-4-1536x1024.jpg 1536w\" sizes=\"(max-width: 2048px) 100vw, 2048px\" \/>\t\t\t\t\t\t\t\t\t\t\t<\/div>\n\t\t\t\t<\/div>\n\t\t\t\t<\/div>\n\t\t\t\t\t\t<\/div>\n\t\t\t\t\t<\/div>\n\t\t<\/div>\n\t\t\t\t\t\t\t\t<\/div>\n\t\t\t\t\t<\/div>\n\t\t<\/section>\n\t\t\t\t\t\t<\/div>\n\t\t\t\t\t\t<\/div>\n\t\t\t\t\t<\/div>","protected":false},"excerpt":{"rendered":"<p>Ce facem la REMICO COMPREST Prelucr\u0103ri prin a\u0219chiere * Strunjire exterioar\u0103 p\u00e2n\u0103 la diametrul de 1080 mm \u0219i lungimea de maxim 2000 mm * Opera\u021bii de frezare, masa ma\u0219inilor 800 x 400 mm * Rectificare rotund interior-exterior p\u00e2n\u0103 la diametrul exterior de 430 mm \u0219i lungime de maxim 1000 mm * G\u0103urire p\u00e2n\u0103 la diametrul [&hellip;]<\/p>","protected":false},"author":1,"featured_media":0,"parent":0,"menu_order":0,"comment_status":"closed","ping_status":"closed","template":"","meta":[],"_links":{"self":[{"href":"https:\/\/remico-comprest.ro\/en\/wp-json\/wp\/v2\/pages\/427"}],"collection":[{"href":"https:\/\/remico-comprest.ro\/en\/wp-json\/wp\/v2\/pages"}],"about":[{"href":"https:\/\/remico-comprest.ro\/en\/wp-json\/wp\/v2\/types\/page"}],"author":[{"embeddable":true,"href":"https:\/\/remico-comprest.ro\/en\/wp-json\/wp\/v2\/users\/1"}],"replies":[{"embeddable":true,"href":"https:\/\/remico-comprest.ro\/en\/wp-json\/wp\/v2\/comments?post=427"}],"version-history":[{"count":0,"href":"https:\/\/remico-comprest.ro\/en\/wp-json\/wp\/v2\/pages\/427\/revisions"}],"wp:attachment":[{"href":"https:\/\/remico-comprest.ro\/en\/wp-json\/wp\/v2\/media?parent=427"}],"curies":[{"name":"wp","href":"https:\/\/api.w.org\/{rel}","templated":true}]}}