{"id":629,"date":"2020-11-09T10:59:00","date_gmt":"2020-11-09T10:59:00","guid":{"rendered":"http:\/\/remico-comprest.ro\/?page_id=629"},"modified":"2020-11-19T16:20:07","modified_gmt":"2020-11-19T16:20:07","slug":"politica-de-cookie-uri","status":"publish","type":"page","link":"https:\/\/remico-comprest.ro\/de\/cookie-richtlinie\/","title":{"rendered":"Cookie-Richtlinie"},"content":{"rendered":"<div data-elementor-type=\"wp-page\" data-elementor-id=\"629\" class=\"elementor elementor-629\" data-elementor-settings=\"[]\">\n\t\t\t\t\t\t<div class=\"elementor-inner\">\n\t\t\t\t\t\t\t<div class=\"elementor-section-wrap\">\n\t\t\t\t\t\t\t<section class=\"elementor-section elementor-top-section elementor-element elementor-element-40fe4f2 elementor-section-full_width elementor-section-height-default elementor-section-height-default\" data-id=\"40fe4f2\" data-element_type=\"section\" data-settings=\"{&quot;background_background&quot;:&quot;classic&quot;}\">\n\t\t\t\t\t\t<div class=\"elementor-container elementor-column-gap-no\">\n\t\t\t\t\t\t\t<div class=\"elementor-row\">\n\t\t\t\t\t<div class=\"elementor-column elementor-col-50 elementor-top-column elementor-element elementor-element-a63965c\" data-id=\"a63965c\" data-element_type=\"column\">\n\t\t\t<div class=\"elementor-column-wrap elementor-element-populated\">\n\t\t\t\t\t\t\t<div class=\"elementor-widget-wrap\">\n\t\t\t\t\t\t<div class=\"elementor-element elementor-element-f2a4ded elementor-widget elementor-widget-heading\" data-id=\"f2a4ded\" data-element_type=\"widget\" data-widget_type=\"heading.default\">\n\t\t\t\t<div class=\"elementor-widget-container\">\n\t\t\t<h2 class=\"elementor-heading-title elementor-size-default\">Cookie-Richtlinie<\/h2>\t\t<\/div>\n\t\t\t\t<\/div>\n\t\t\t\t<div class=\"elementor-element elementor-element-2c98719 elementor-widget elementor-widget-heading\" data-id=\"2c98719\" data-element_type=\"widget\" data-widget_type=\"heading.default\">\n\t\t\t\t<div class=\"elementor-widget-container\">\n\t\t\t<h5 class=\"elementor-heading-title elementor-size-default\">REMICO COMPREST <\/h5>\t\t<\/div>\n\t\t\t\t<\/div>\n\t\t\t\t\t\t<\/div>\n\t\t\t\t\t<\/div>\n\t\t<\/div>\n\t\t\t\t<div class=\"elementor-column elementor-col-50 elementor-top-column elementor-element elementor-element-4698054\" data-id=\"4698054\" data-element_type=\"column\" data-settings=\"{&quot;background_background&quot;:&quot;classic&quot;}\">\n\t\t\t<div class=\"elementor-column-wrap elementor-element-populated\">\n\t\t\t\t\t<div class=\"elementor-background-overlay\"><\/div>\n\t\t\t\t\t\t\t<div class=\"elementor-widget-wrap\">\n\t\t\t\t\t\t<div class=\"elementor-element elementor-element-33ae356 elementor-widget elementor-widget-spacer\" data-id=\"33ae356\" data-element_type=\"widget\" data-widget_type=\"spacer.default\">\n\t\t\t\t<div class=\"elementor-widget-container\">\n\t\t\t\t\t<div class=\"elementor-spacer\">\n\t\t\t<div class=\"elementor-spacer-inner\"><\/div>\n\t\t<\/div>\n\t\t\t\t<\/div>\n\t\t\t\t<\/div>\n\t\t\t\t\t\t<\/div>\n\t\t\t\t\t<\/div>\n\t\t<\/div>\n\t\t\t\t\t\t\t\t<\/div>\n\t\t\t\t\t<\/div>\n\t\t<\/section>\n\t\t\t\t<section class=\"elementor-section elementor-top-section elementor-element elementor-element-76c8f75 elementor-section-boxed elementor-section-height-default elementor-section-height-default\" data-id=\"76c8f75\" data-element_type=\"section\">\n\t\t\t\t\t\t<div class=\"elementor-container elementor-column-gap-default\">\n\t\t\t\t\t\t\t<div class=\"elementor-row\">\n\t\t\t\t\t<div class=\"elementor-column elementor-col-100 elementor-top-column elementor-element elementor-element-7aacddc\" data-id=\"7aacddc\" data-element_type=\"column\">\n\t\t\t<div class=\"elementor-column-wrap elementor-element-populated\">\n\t\t\t\t\t\t\t<div class=\"elementor-widget-wrap\">\n\t\t\t\t\t\t<div class=\"elementor-element elementor-element-65656b6 elementor-widget elementor-widget-heading\" data-id=\"65656b6\" data-element_type=\"widget\" data-widget_type=\"heading.default\">\n\t\t\t\t<div class=\"elementor-widget-container\">\n\t\t\t<h3 class=\"elementor-heading-title elementor-size-default\">1. Einleitung<\/h3>\t\t<\/div>\n\t\t\t\t<\/div>\n\t\t\t\t<div class=\"elementor-element elementor-element-6704c8f elementor-widget elementor-widget-text-editor\" data-id=\"6704c8f\" data-element_type=\"widget\" data-widget_type=\"text-editor.default\">\n\t\t\t\t<div class=\"elementor-widget-container\">\n\t\t\t\t\t<div class=\"elementor-text-editor elementor-clearfix\"><p>Diese Richtlinie zu Cookies gilt f\u00fcr alle Benutzer der Website https:\/\/www.remico-comprest.ro\/. Die unten aufgef\u00fchrten Informationen sollen die Benutzer dieser Website \u00fcber die Platzierung, Verwendung und Verwaltung von Cookies durch Remico Comprest SRL im Zusammenhang mit dem Surfen auf dieser Website informieren.<\/p><\/div>\n\t\t\t\t<\/div>\n\t\t\t\t<\/div>\n\t\t\t\t<div class=\"elementor-element elementor-element-b0d88cc elementor-widget elementor-widget-heading\" data-id=\"b0d88cc\" data-element_type=\"widget\" data-widget_type=\"heading.default\">\n\t\t\t\t<div class=\"elementor-widget-container\">\n\t\t\t<h3 class=\"elementor-heading-title elementor-size-default\">2. Was sind Cookies?<\/h3>\t\t<\/div>\n\t\t\t\t<\/div>\n\t\t\t\t<div class=\"elementor-element elementor-element-43bce85 elementor-widget elementor-widget-text-editor\" data-id=\"43bce85\" data-element_type=\"widget\" data-widget_type=\"text-editor.default\">\n\t\t\t\t<div class=\"elementor-widget-container\">\n\t\t\t\t\t<div class=\"elementor-text-editor elementor-clearfix\"><p>Wir verwenden den Begriff \"Cookies\", um Cookies und \u00e4hnliche Technologien zu bezeichnen, mit denen Informationen automatisch gesammelt werden k\u00f6nnen.<br \/>Ein \"Internet-Cookie\" (auch als \"Browser-Cookie\" oder \"HTTP-Cookie\" oder \"Cookie\" bezeichnet) ist eine kleine Datei, die aus Buchstaben und Zahlen besteht und auf Ihrem Computer, Mobilger\u00e4t oder Terminal gespeichert wird andere Ger\u00e4te eines Benutzers, \u00fcber die auf das Internet zugegriffen wird.<br \/>Cookies werden auf Anfrage eines Webservers in einem Browser (z. B. Internet Explorer, Firefox, Chrome) installiert. Einmal installierte Cookies haben eine bestimmte Existenzdauer und bleiben \"passiv\" in dem Sinne, dass sie keine Software, Viren oder Spyware enthalten und nicht auf die Informationen auf dem Festplattentreiber des Benutzers zugreifen, auf dessen Ger\u00e4ten sie installiert wurden.<br \/>Ein Cookie besteht aus zwei Teilen: dem Namen des Cookies und dem Inhalt oder Wert des Cookies.<br \/>Aus technischer Sicht kann nur der Webserver, der das Cookie gesendet hat, erneut darauf zugreifen, wenn ein Benutzer zu der diesem Webserver zugeordneten Website zur\u00fcckkehrt.<\/p><\/div>\n\t\t\t\t<\/div>\n\t\t\t\t<\/div>\n\t\t\t\t<div class=\"elementor-element elementor-element-051efa1 elementor-widget elementor-widget-heading\" data-id=\"051efa1\" data-element_type=\"widget\" data-widget_type=\"heading.default\">\n\t\t\t\t<div class=\"elementor-widget-container\">\n\t\t\t<h3 class=\"elementor-heading-title elementor-size-default\">3. F\u00fcr welche Zwecke werden Cookies \u00fcber diese Website verwendet:<\/h3>\t\t<\/div>\n\t\t\t\t<\/div>\n\t\t\t\t<div class=\"elementor-element elementor-element-f5bc7b1 elementor-widget elementor-widget-text-editor\" data-id=\"f5bc7b1\" data-element_type=\"widget\" data-widget_type=\"text-editor.default\">\n\t\t\t\t<div class=\"elementor-widget-container\">\n\t\t\t\t\t<div class=\"elementor-text-editor elementor-clearfix\"><p>Cookies werden verwendet, um den Benutzern dieser Website ein besseres Surferlebnis und Dienste zu bieten, die auf die Bed\u00fcrfnisse und Interessen jedes Einzelnen zugeschnitten sind, und zwar auf:<\/p><ul><li>Verbesserung der Nutzung dieser Website, einschlie\u00dflich der Ermittlung von Fehlern, die w\u00e4hrend des Besuchs \/ der Nutzung durch Benutzer auftreten;<\/li><li>Bereitstellung anonymer Statistiken dar\u00fcber, wie diese Website f\u00fcr Remico Comprest SRL als Eigent\u00fcmer dieser Website verwendet wird;<\/li><li>Vorwegnahme von Waren, die den Nutzern k\u00fcnftig \u00fcber diese Website zur Verf\u00fcgung gestellt werden, abh\u00e4ngig von den Dienstleistungen \/ Produkten, auf die zugegriffen wird.<\/li><\/ul><p>Basierend auf dem Feedback, das durch Cookies im Zusammenhang mit der Nutzung dieser Website gesendet wird, kann Remico Comprest SRL Ma\u00dfnahmen ergreifen, um diese Website effizienter und f\u00fcr Benutzer zug\u00e4nglicher zu machen.<br \/>Die Verwendung von Cookies erm\u00f6glicht somit die Speicherung bestimmter Einstellungen \/ Pr\u00e4ferenzen, die von den Benutzern dieser Website festgelegt wurden.<\/p><\/div>\n\t\t\t\t<\/div>\n\t\t\t\t<\/div>\n\t\t\t\t<div class=\"elementor-element elementor-element-a59f8e4 elementor-widget elementor-widget-heading\" data-id=\"a59f8e4\" data-element_type=\"widget\" data-widget_type=\"heading.default\">\n\t\t\t\t<div class=\"elementor-widget-container\">\n\t\t\t<h3 class=\"elementor-heading-title elementor-size-default\">4. Was ist die Lebensdauer von Cookies?<\/h3>\t\t<\/div>\n\t\t\t\t<\/div>\n\t\t\t\t<div class=\"elementor-element elementor-element-dd24b96 elementor-widget elementor-widget-text-editor\" data-id=\"dd24b96\" data-element_type=\"widget\" data-widget_type=\"text-editor.default\">\n\t\t\t\t<div class=\"elementor-widget-container\">\n\t\t\t\t\t<div class=\"elementor-text-editor elementor-clearfix\"><p>Die Lebensdauer von Cookies kann je nach Verwendungszweck erheblich variieren. Es gibt die folgenden Kategorien von Cookies, die auch deren Lebensdauer bestimmen:<\/p><ul><li><strong>Sitzungscookies<\/strong>\u00a0- Ein \"Sitzungscookie\" ist ein Cookie, das automatisch gel\u00f6scht wird, wenn der Benutzer seinen Browser schlie\u00dft.<\/li><li><strong>Dauerhafte oder feste Cookies<\/strong>\u00a0- Ein \"best\u00e4ndiges\" oder \"festes\" Cookie ist ein Cookie, das im Terminal des Benutzers gespeichert bleibt, bis es ein bestimmtes Ablaufdatum erreicht (das in einigen Minuten, Tagen oder mehreren Jahren in der Zukunft liegen kann) oder bis wenn vom Benutzer jederzeit \u00fcber die Browsereinstellungen gel\u00f6scht.<\/li><\/ul><\/div>\n\t\t\t\t<\/div>\n\t\t\t\t<\/div>\n\t\t\t\t<div class=\"elementor-element elementor-element-8f9e365 elementor-widget elementor-widget-heading\" data-id=\"8f9e365\" data-element_type=\"widget\" data-widget_type=\"heading.default\">\n\t\t\t\t<div class=\"elementor-widget-container\">\n\t\t\t<h3 class=\"elementor-heading-title elementor-size-default\">5. Was sind Cookies, die von Dritten platziert werden?<\/h3>\t\t<\/div>\n\t\t\t\t<\/div>\n\t\t\t\t<div class=\"elementor-element elementor-element-b63f568 elementor-widget elementor-widget-text-editor\" data-id=\"b63f568\" data-element_type=\"widget\" data-widget_type=\"text-editor.default\">\n\t\t\t\t<div class=\"elementor-widget-container\">\n\t\t\t\t\t<div class=\"elementor-text-editor elementor-clearfix\"><p>Bestimmte Abschnitte des Inhalts der Website k\u00f6nnen durch Dritte bereitgestellt werden, dh nicht durch Remico Comprest SRL. In diesem Fall werden diese Cookies als von Dritten platzierte Cookies bezeichnet (\"Cookies von Drittanbietern\").<br \/>Drittanbieter von Cookies m\u00fcssen au\u00dferdem die auf dieser Website verf\u00fcgbaren Datenschutzbestimmungen und Datenschutzbestimmungen einhalten.<br \/>Diese Cookies k\u00f6nnen von folgenden Dritten stammen: Google Analytics, Facebook.<\/p><\/div>\n\t\t\t\t<\/div>\n\t\t\t\t<\/div>\n\t\t\t\t<div class=\"elementor-element elementor-element-062cf9a elementor-widget elementor-widget-heading\" data-id=\"062cf9a\" data-element_type=\"widget\" data-widget_type=\"heading.default\">\n\t\t\t\t<div class=\"elementor-widget-container\">\n\t\t\t<h3 class=\"elementor-heading-title elementor-size-default\">6. Welche Cookies werden auf dieser Website verwendet:<\/h3>\t\t<\/div>\n\t\t\t\t<\/div>\n\t\t\t\t<div class=\"elementor-element elementor-element-0b9b6c0 elementor-widget elementor-widget-text-editor\" data-id=\"0b9b6c0\" data-element_type=\"widget\" data-widget_type=\"text-editor.default\">\n\t\t\t\t<div class=\"elementor-widget-container\">\n\t\t\t\t\t<div class=\"elementor-text-editor elementor-clearfix\"><p>Durch die Nutzung \/ den Besuch der Website k\u00f6nnen folgende Cookies gesetzt werden:<\/p><p>a. Website-Leistungscookies;<br \/>b. Benutzeranalyse-Cookies;<br \/>c. Geotargetting-Cookies;<br \/>d. Registrierungscookies;<br \/>e. Cookies f\u00fcr Werbung;<br \/>f. Cookies von Werbeanbietern;<\/p><p><strong>a. Leistungscookies<\/strong><\/p><p>Diese Art von Cookie speichert die Einstellungen des Benutzers f\u00fcr diese Website, sodass das Zur\u00fccksetzen der Einstellungen beim Besuch der Website nicht mehr erforderlich ist.<\/p><p><strong>b. Benutzeranalyse-Cookies<\/strong><\/p><p>Diese Cookies informieren uns, wenn ein bestimmter Benutzer der Website diese Website zuvor besucht \/ verwendet hat. Diese Cookies werden nur zu statistischen Zwecken verwendet.<\/p><p><strong>c. Geotargetting-Cookies;<\/strong><\/p><p>Diese Cookies werden von einer Software verwendet, die das Herkunftsland des Benutzers der Website bestimmt. Die gleichen Anzeigen werden unabh\u00e4ngig von der ausgew\u00e4hlten Sprache empfangen.<\/p><p><strong>d. Cookies zur Registrierung<\/strong><\/p><p>Wenn Sie sich auf dieser Website registrieren, werden Cookies generiert, die diesen Prozess speichern. Die Server verwenden diese Cookies, um uns das Konto anzuzeigen, bei dem Sie registriert sind. Durch die Verwendung dieser Cookies k\u00f6nnen wir auch alle auf der Website ver\u00f6ffentlichten Kommentare mit dem Benutzernamen des verwendeten Kontos verkn\u00fcpfen. Wenn die Option \"Angemeldet bleiben\" nicht ausgew\u00e4hlt ist, werden diese Cookies am Ende der Browsersitzung automatisch gel\u00f6scht.<\/p><p><strong>e. Cookies f\u00fcr Werbung<\/strong><\/p><p>Mithilfe dieser Cookies k\u00f6nnen wir herausfinden, wann ein Benutzer eine Online-Werbung, ihren Typ und die Zeit ab dem Zeitpunkt des Anzeigens der jeweiligen Werbebotschaft anzeigt. Daher werden solche Cookies verwendet, um auf Online-Werbung abzuzielen. Diese Cookies sind anonym und speichern Informationen \u00fcber den angezeigten Inhalt, nicht \u00fcber Benutzer.<\/p><\/div>\n\t\t\t\t<\/div>\n\t\t\t\t<\/div>\n\t\t\t\t<div class=\"elementor-element elementor-element-4fe838f elementor-widget elementor-widget-heading\" data-id=\"4fe838f\" data-element_type=\"widget\" data-widget_type=\"heading.default\">\n\t\t\t\t<div class=\"elementor-widget-container\">\n\t\t\t<h3 class=\"elementor-heading-title elementor-size-default\">7. Welche Art von Informationen werden \u00fcber Cookies gespeichert und abgerufen?<\/h3>\t\t<\/div>\n\t\t\t\t<\/div>\n\t\t\t\t<div class=\"elementor-element elementor-element-c66cf86 elementor-widget elementor-widget-text-editor\" data-id=\"c66cf86\" data-element_type=\"widget\" data-widget_type=\"text-editor.default\">\n\t\t\t\t<div class=\"elementor-widget-container\">\n\t\t\t\t\t<div class=\"elementor-text-editor elementor-clearfix\"><p>Cookies speichern Informationen in einer kleinen Textdatei, die die Browsererkennung erm\u00f6glicht. Diese Website erkennt den Browser, bis Cookies ablaufen oder gel\u00f6scht werden.<\/p><\/div>\n\t\t\t\t<\/div>\n\t\t\t\t<\/div>\n\t\t\t\t<div class=\"elementor-element elementor-element-28fa4f2 elementor-widget elementor-widget-heading\" data-id=\"28fa4f2\" data-element_type=\"widget\" data-widget_type=\"heading.default\">\n\t\t\t\t<div class=\"elementor-widget-container\">\n\t\t\t<h3 class=\"elementor-heading-title elementor-size-default\">8. Passen Sie Ihre Browsereinstellungen f\u00fcr Cookies an<\/h3>\t\t<\/div>\n\t\t\t\t<\/div>\n\t\t\t\t<div class=\"elementor-element elementor-element-73f0a87 elementor-widget elementor-widget-text-editor\" data-id=\"73f0a87\" data-element_type=\"widget\" data-widget_type=\"text-editor.default\">\n\t\t\t\t<div class=\"elementor-widget-container\">\n\t\t\t\t\t<div class=\"elementor-text-editor elementor-clearfix\"><p>Wenn die Verwendung von Cookies nicht st\u00f6rend ist und der Computer oder die technischen Ger\u00e4te, die zum Durchsuchen dieser Website verwendet werden, nur von Ihnen verwendet werden, k\u00f6nnen lange Ablaufdaten f\u00fcr die Speicherung Ihres Browserverlaufs festgelegt werden.<br \/>Wenn der Computer oder die technischen Ger\u00e4te, die zum Durchsuchen dieser Website verwendet werden, von mehr als einer Person verwendet werden, kann die Einstellung zum L\u00f6schen einzelner Browserdaten bei jedem Schlie\u00dfen des Browsers ber\u00fccksichtigt werden.<\/p><\/div>\n\t\t\t\t<\/div>\n\t\t\t\t<\/div>\n\t\t\t\t<div class=\"elementor-element elementor-element-c233112 elementor-widget elementor-widget-heading\" data-id=\"c233112\" data-element_type=\"widget\" data-widget_type=\"heading.default\">\n\t\t\t\t<div class=\"elementor-widget-container\">\n\t\t\t<h3 class=\"elementor-heading-title elementor-size-default\">9. Wie k\u00f6nnen Cookies gestoppt werden?<\/h3>\t\t<\/div>\n\t\t\t\t<\/div>\n\t\t\t\t<div class=\"elementor-element elementor-element-51b7b9b elementor-widget elementor-widget-text-editor\" data-id=\"51b7b9b\" data-element_type=\"widget\" data-widget_type=\"text-editor.default\">\n\t\t\t\t<div class=\"elementor-widget-container\">\n\t\t\t\t\t<div class=\"elementor-text-editor elementor-clearfix\"><p>Das Deaktivieren und Verweigern des Empfangs von Cookies kann den Besuch dieser Website erschweren und zu Einschr\u00e4nkungen bei der Verwendung f\u00fchren.<br \/>Benutzer k\u00f6nnen ihren Browser so konfigurieren, dass Cookies abgelehnt oder Cookies von einer bestimmten Website akzeptiert werden.<br \/>Alle modernen Browser bieten die M\u00f6glichkeit, die Cookie-Einstellungen zu \u00e4ndern. Auf diese Einstellungen kann in der Regel im Bereich \"Optionen\" oder im Men\u00fc \"Einstellungen\" Ihres Browsers zugegriffen werden.<br \/>Das Ablehnen oder Deaktivieren von Cookies bedeutet jedoch nicht, dass Sie keine Online-Werbung mehr erhalten, sondern nur, dass diese nicht an Ihre Vorlieben und Interessen angepasst wird, was durch Ihr Surfverhalten hervorgehoben wird.<\/p><p>Um diese Einstellungen zu verstehen, k\u00f6nnen die folgenden Links hilfreich sein:<\/p><ul><li><a href=\"https:\/\/support.microsoft.com\/en-us\/help\/17442\/windows-internet-explorer-delete-manage-cookies\" target=\"_blank\" rel=\"noopener\">Cookie-Einstellungen im Internet Explorer<\/a><\/li><li><a href=\"https:\/\/support.mozilla.org\/en-US\/kb\/enable-and-disable-cookies-website-preferences\" target=\"_blank\" rel=\"noopener\">Cookie-Einstellungen in Firefox<\/a><\/li><li><a href=\"https:\/\/support.google.com\/chrome\/answer\/95647\" target=\"_blank\" rel=\"noopener\">Cookie-Einstellungen in Chrome<\/a><\/li><li><a href=\"https:\/\/support.apple.com\/kb\/ph21411\" target=\"_blank\" rel=\"noopener\">Cookie-Einstellungen in Safari<\/a><\/li><\/ul><p>Bei weiteren Fragen zur Verwendung von Cookies \u00fcber diese Website wenden Sie sich bitte an: Remico Comprest SRL, Aleea Industriilor Street 5, Galati, Galati County, E-Mail office @ remico -comprest.ro, Telefon: 0236448503.<\/p><\/div>\n\t\t\t\t<\/div>\n\t\t\t\t<\/div>\n\t\t\t\t<div class=\"elementor-element elementor-element-35435bc elementor-widget-divider--view-line elementor-widget elementor-widget-divider\" data-id=\"35435bc\" data-element_type=\"widget\" data-widget_type=\"divider.default\">\n\t\t\t\t<div class=\"elementor-widget-container\">\n\t\t\t\t\t<div class=\"elementor-divider\">\n\t\t\t<span class=\"elementor-divider-separator\">\n\t\t\t\t\t\t<\/span>\n\t\t<\/div>\n\t\t\t\t<\/div>\n\t\t\t\t<\/div>\n\t\t\t\t\t\t<\/div>\n\t\t\t\t\t<\/div>\n\t\t<\/div>\n\t\t\t\t\t\t\t\t<\/div>\n\t\t\t\t\t<\/div>\n\t\t<\/section>\n\t\t\t\t\t\t<\/div>\n\t\t\t\t\t\t<\/div>\n\t\t\t\t\t<\/div>","protected":false},"excerpt":{"rendered":"<p>Politica de cookie-uri REMICO COMPREST 1. Introducere Prezenta Politic\u0103 privind fi\u0219ierele cookies se aplic\u0103 tuturor utilizatorilor paginii de internet https:\/\/www.remico-comprest.ro\/. Informa\u021biile prezentate \u00een continuare au ca scop informarea utilizatorilor acestei pagini de internet cu privire la plasarea, utilizarea \u0219i administrarea cookie-urilor de c\u0103tre Remico Comprest SRL \u00een contextul navig\u0103rii utilizatorilor pe aceast\u0103 pagin\u0103 de internet. [&hellip;]<\/p>","protected":false},"author":1,"featured_media":0,"parent":0,"menu_order":0,"comment_status":"closed","ping_status":"closed","template":"","meta":[],"_links":{"self":[{"href":"https:\/\/remico-comprest.ro\/de\/wp-json\/wp\/v2\/pages\/629"}],"collection":[{"href":"https:\/\/remico-comprest.ro\/de\/wp-json\/wp\/v2\/pages"}],"about":[{"href":"https:\/\/remico-comprest.ro\/de\/wp-json\/wp\/v2\/types\/page"}],"author":[{"embeddable":true,"href":"https:\/\/remico-comprest.ro\/de\/wp-json\/wp\/v2\/users\/1"}],"replies":[{"embeddable":true,"href":"https:\/\/remico-comprest.ro\/de\/wp-json\/wp\/v2\/comments?post=629"}],"version-history":[{"count":0,"href":"https:\/\/remico-comprest.ro\/de\/wp-json\/wp\/v2\/pages\/629\/revisions"}],"wp:attachment":[{"href":"https:\/\/remico-comprest.ro\/de\/wp-json\/wp\/v2\/media?parent=629"}],"curies":[{"name":"wp","href":"https:\/\/api.w.org\/{rel}","templated":true}]}}