{"id":437,"date":"2020-11-03T10:49:31","date_gmt":"2020-11-03T10:49:31","guid":{"rendered":"http:\/\/remico-comprest.ro\/?page_id=437"},"modified":"2020-11-03T18:02:16","modified_gmt":"2020-11-03T18:02:16","slug":"ce-facem-reabilitare-sisteme-de-irigatii","status":"publish","type":"page","link":"https:\/\/remico-comprest.ro\/de\/was-wir-tun-sanierung-von-bewasserungssystemen\/","title":{"rendered":"Sanierung von Bew\u00e4sserungssystemen"},"content":{"rendered":"<div data-elementor-type=\"wp-page\" data-elementor-id=\"437\" class=\"elementor elementor-437\" data-elementor-settings=\"[]\">\n\t\t\t\t\t\t<div class=\"elementor-inner\">\n\t\t\t\t\t\t\t<div class=\"elementor-section-wrap\">\n\t\t\t\t\t\t\t<section class=\"elementor-section elementor-top-section elementor-element elementor-element-e7c8a4e elementor-section-height-min-height elementor-section-boxed elementor-section-height-default elementor-section-items-middle\" data-id=\"e7c8a4e\" data-element_type=\"section\" data-settings=\"{&quot;background_background&quot;:&quot;classic&quot;}\">\n\t\t\t\t\t\t\t<div class=\"elementor-background-overlay\"><\/div>\n\t\t\t\t\t\t\t<div class=\"elementor-container elementor-column-gap-default\">\n\t\t\t\t\t\t\t<div class=\"elementor-row\">\n\t\t\t\t\t<div class=\"elementor-column elementor-col-50 elementor-top-column elementor-element elementor-element-5c883fd\" data-id=\"5c883fd\" data-element_type=\"column\">\n\t\t\t<div class=\"elementor-column-wrap\">\n\t\t\t\t\t\t\t<div class=\"elementor-widget-wrap\">\n\t\t\t\t\t\t\t\t<\/div>\n\t\t\t\t\t<\/div>\n\t\t<\/div>\n\t\t\t\t<div class=\"elementor-column elementor-col-50 elementor-top-column elementor-element elementor-element-c954fce\" data-id=\"c954fce\" data-element_type=\"column\">\n\t\t\t<div class=\"elementor-column-wrap elementor-element-populated\">\n\t\t\t\t\t\t\t<div class=\"elementor-widget-wrap\">\n\t\t\t\t\t\t<div class=\"elementor-element elementor-element-364190b elementor-widget elementor-widget-heading\" data-id=\"364190b\" data-element_type=\"widget\" data-widget_type=\"heading.default\">\n\t\t\t\t<div class=\"elementor-widget-container\">\n\t\t\t<h6 class=\"elementor-heading-title elementor-size-default\">Was wir tun<\/h6>\t\t<\/div>\n\t\t\t\t<\/div>\n\t\t\t\t<div class=\"elementor-element elementor-element-584f4c9 elementor-widget elementor-widget-heading\" data-id=\"584f4c9\" data-element_type=\"widget\" data-widget_type=\"heading.default\">\n\t\t\t\t<div class=\"elementor-widget-container\">\n\t\t\t<h2 class=\"elementor-heading-title elementor-size-default\">Sanierung von Bew\u00e4sserungssystemen<\/h2>\t\t<\/div>\n\t\t\t\t<\/div>\n\t\t\t\t\t\t<\/div>\n\t\t\t\t\t<\/div>\n\t\t<\/div>\n\t\t\t\t\t\t\t\t<\/div>\n\t\t\t\t\t<\/div>\n\t\t<\/section>\n\t\t\t\t<section class=\"elementor-section elementor-top-section elementor-element elementor-element-bdd73a4 elementor-reverse-tablet elementor-reverse-mobile elementor-section-boxed elementor-section-height-default elementor-section-height-default\" data-id=\"bdd73a4\" data-element_type=\"section\" data-settings=\"{&quot;background_background&quot;:&quot;gradient&quot;}\">\n\t\t\t\t\t\t<div class=\"elementor-container elementor-column-gap-default\">\n\t\t\t\t\t\t\t<div class=\"elementor-row\">\n\t\t\t\t\t<div class=\"elementor-column elementor-col-50 elementor-top-column elementor-element elementor-element-edfb366\" data-id=\"edfb366\" data-element_type=\"column\">\n\t\t\t<div class=\"elementor-column-wrap elementor-element-populated\">\n\t\t\t\t\t\t\t<div class=\"elementor-widget-wrap\">\n\t\t\t\t\t\t<div class=\"elementor-element elementor-element-0832e17 elementor-widget elementor-widget-image\" data-id=\"0832e17\" data-element_type=\"widget\" data-widget_type=\"image.default\">\n\t\t\t\t<div class=\"elementor-widget-container\">\n\t\t\t\t\t<div class=\"elementor-image\">\n\t\t\t\t\t\t\t\t\t\t<img width=\"2048\" height=\"1365\" src=\"https:\/\/remico-comprest.ro\/wp-content\/uploads\/2020\/11\/reabilitare-sisteme-de-irigatie.jpg\" class=\"elementor-animation-grow attachment-full size-full\" alt=\"\" loading=\"lazy\" srcset=\"https:\/\/remico-comprest.ro\/wp-content\/uploads\/2020\/11\/reabilitare-sisteme-de-irigatie.jpg 2048w, https:\/\/remico-comprest.ro\/wp-content\/uploads\/2020\/11\/reabilitare-sisteme-de-irigatie-300x200.jpg 300w, https:\/\/remico-comprest.ro\/wp-content\/uploads\/2020\/11\/reabilitare-sisteme-de-irigatie-1024x683.jpg 1024w, https:\/\/remico-comprest.ro\/wp-content\/uploads\/2020\/11\/reabilitare-sisteme-de-irigatie-768x512.jpg 768w, https:\/\/remico-comprest.ro\/wp-content\/uploads\/2020\/11\/reabilitare-sisteme-de-irigatie-1536x1024.jpg 1536w\" sizes=\"(max-width: 2048px) 100vw, 2048px\" \/>\t\t\t\t\t\t\t\t\t\t\t<\/div>\n\t\t\t\t<\/div>\n\t\t\t\t<\/div>\n\t\t\t\t<div class=\"elementor-element elementor-element-16036ba elementor-widget elementor-widget-image\" data-id=\"16036ba\" data-element_type=\"widget\" data-widget_type=\"image.default\">\n\t\t\t\t<div class=\"elementor-widget-container\">\n\t\t\t\t\t<div class=\"elementor-image\">\n\t\t\t\t\t\t\t\t\t\t<img width=\"2048\" height=\"1365\" src=\"https:\/\/remico-comprest.ro\/wp-content\/uploads\/2020\/10\/3.jpg\" class=\"elementor-animation-grow attachment-full size-full\" alt=\"\" loading=\"lazy\" srcset=\"https:\/\/remico-comprest.ro\/wp-content\/uploads\/2020\/10\/3.jpg 2048w, https:\/\/remico-comprest.ro\/wp-content\/uploads\/2020\/10\/3-300x200.jpg 300w, https:\/\/remico-comprest.ro\/wp-content\/uploads\/2020\/10\/3-1024x683.jpg 1024w, https:\/\/remico-comprest.ro\/wp-content\/uploads\/2020\/10\/3-768x512.jpg 768w, https:\/\/remico-comprest.ro\/wp-content\/uploads\/2020\/10\/3-1536x1024.jpg 1536w\" sizes=\"(max-width: 2048px) 100vw, 2048px\" \/>\t\t\t\t\t\t\t\t\t\t\t<\/div>\n\t\t\t\t<\/div>\n\t\t\t\t<\/div>\n\t\t\t\t\t\t<\/div>\n\t\t\t\t\t<\/div>\n\t\t<\/div>\n\t\t\t\t<div class=\"elementor-column elementor-col-50 elementor-top-column elementor-element elementor-element-b8972bd\" data-id=\"b8972bd\" data-element_type=\"column\">\n\t\t\t<div class=\"elementor-column-wrap elementor-element-populated\">\n\t\t\t\t\t\t\t<div class=\"elementor-widget-wrap\">\n\t\t\t\t\t\t<div class=\"elementor-element elementor-element-c1db072 elementor-widget elementor-widget-text-editor\" data-id=\"c1db072\" data-element_type=\"widget\" data-widget_type=\"text-editor.default\">\n\t\t\t\t<div class=\"elementor-widget-container\">\n\t\t\t\t\t<div class=\"elementor-text-editor elementor-clearfix\"><ul><li>Neubauten<\/li><li>Reparatur und Neubau bestehender Ausr\u00fcstungen an Pumpstationen, einschlie\u00dflich Austausch elektromechanischer Ausr\u00fcstungen<\/li><li>Installation neuer Saugrohre und Fischschutzstrukturen, wo es das Projekt erfordert<\/li><li>Vollst\u00e4ndiger oder teilweiser Austausch bestehender Rohrleitungen aus Stahl, Stahlbeton, Asbestzement, PVC oder HDPE.<\/li><li>neuer Armaturen in den Netzen von Rohren, Mannl\u00f6chern, Kontrollsch\u00e4chten und anderen damit verbundenen Strukturen.<\/li><\/ul><\/div>\n\t\t\t\t<\/div>\n\t\t\t\t<\/div>\n\t\t\t\t<div class=\"elementor-element elementor-element-ebb2d0c elementor-widget elementor-widget-image\" data-id=\"ebb2d0c\" data-element_type=\"widget\" data-widget_type=\"image.default\">\n\t\t\t\t<div class=\"elementor-widget-container\">\n\t\t\t\t\t<div class=\"elementor-image\">\n\t\t\t\t\t\t\t\t\t\t<img width=\"2048\" height=\"1365\" src=\"https:\/\/remico-comprest.ro\/wp-content\/uploads\/2020\/11\/reabilitare-sisteme-de-irigatie-1.jpg\" class=\"elementor-animation-grow attachment-full size-full\" alt=\"\" loading=\"lazy\" srcset=\"https:\/\/remico-comprest.ro\/wp-content\/uploads\/2020\/11\/reabilitare-sisteme-de-irigatie-1.jpg 2048w, https:\/\/remico-comprest.ro\/wp-content\/uploads\/2020\/11\/reabilitare-sisteme-de-irigatie-1-300x200.jpg 300w, https:\/\/remico-comprest.ro\/wp-content\/uploads\/2020\/11\/reabilitare-sisteme-de-irigatie-1-1024x683.jpg 1024w, https:\/\/remico-comprest.ro\/wp-content\/uploads\/2020\/11\/reabilitare-sisteme-de-irigatie-1-768x512.jpg 768w, https:\/\/remico-comprest.ro\/wp-content\/uploads\/2020\/11\/reabilitare-sisteme-de-irigatie-1-1536x1024.jpg 1536w\" sizes=\"(max-width: 2048px) 100vw, 2048px\" \/>\t\t\t\t\t\t\t\t\t\t\t<\/div>\n\t\t\t\t<\/div>\n\t\t\t\t<\/div>\n\t\t\t\t<div class=\"elementor-element elementor-element-b044ca5 elementor-widget elementor-widget-image\" data-id=\"b044ca5\" data-element_type=\"widget\" data-widget_type=\"image.default\">\n\t\t\t\t<div class=\"elementor-widget-container\">\n\t\t\t\t\t<div class=\"elementor-image\">\n\t\t\t\t\t\t\t\t\t\t<img width=\"1350\" height=\"900\" src=\"https:\/\/remico-comprest.ro\/wp-content\/uploads\/2020\/11\/reabilitare-sisteme-de-irigatie-2.jpg\" class=\"elementor-animation-grow attachment-full size-full\" alt=\"\" loading=\"lazy\" srcset=\"https:\/\/remico-comprest.ro\/wp-content\/uploads\/2020\/11\/reabilitare-sisteme-de-irigatie-2.jpg 1350w, https:\/\/remico-comprest.ro\/wp-content\/uploads\/2020\/11\/reabilitare-sisteme-de-irigatie-2-300x200.jpg 300w, https:\/\/remico-comprest.ro\/wp-content\/uploads\/2020\/11\/reabilitare-sisteme-de-irigatie-2-1024x683.jpg 1024w, https:\/\/remico-comprest.ro\/wp-content\/uploads\/2020\/11\/reabilitare-sisteme-de-irigatie-2-768x512.jpg 768w\" sizes=\"(max-width: 1350px) 100vw, 1350px\" \/>\t\t\t\t\t\t\t\t\t\t\t<\/div>\n\t\t\t\t<\/div>\n\t\t\t\t<\/div>\n\t\t\t\t\t\t<\/div>\n\t\t\t\t\t<\/div>\n\t\t<\/div>\n\t\t\t\t\t\t\t\t<\/div>\n\t\t\t\t\t<\/div>\n\t\t<\/section>\n\t\t\t\t\t\t<\/div>\n\t\t\t\t\t\t<\/div>\n\t\t\t\t\t<\/div>","protected":false},"excerpt":{"rendered":"<p>Ce facem la REMICO COMPREST Reabilitare sisteme iriga\u021bii Construc\u021bii noi Repara\u021bii \u0219i reconstruc\u021bii ale echipamentelor existente \u00een sta\u021biile de pompare, inclusiv \u00eenlocuirea echipamentelor electromecanice Instalarea de conducte noi de aspira\u021bie \u0219i structuri de protec\u021bie a pe\u0219telui, acolo unde proiectul o cere \u00cenlocuirea total\u0103 sau par\u021bial\u0103 a re\u021belelor de conducte existente, fie c\u0103 sunt din o\u021bel, [&hellip;]<\/p>","protected":false},"author":1,"featured_media":0,"parent":0,"menu_order":0,"comment_status":"closed","ping_status":"closed","template":"","meta":[],"_links":{"self":[{"href":"https:\/\/remico-comprest.ro\/de\/wp-json\/wp\/v2\/pages\/437"}],"collection":[{"href":"https:\/\/remico-comprest.ro\/de\/wp-json\/wp\/v2\/pages"}],"about":[{"href":"https:\/\/remico-comprest.ro\/de\/wp-json\/wp\/v2\/types\/page"}],"author":[{"embeddable":true,"href":"https:\/\/remico-comprest.ro\/de\/wp-json\/wp\/v2\/users\/1"}],"replies":[{"embeddable":true,"href":"https:\/\/remico-comprest.ro\/de\/wp-json\/wp\/v2\/comments?post=437"}],"version-history":[{"count":0,"href":"https:\/\/remico-comprest.ro\/de\/wp-json\/wp\/v2\/pages\/437\/revisions"}],"wp:attachment":[{"href":"https:\/\/remico-comprest.ro\/de\/wp-json\/wp\/v2\/media?parent=437"}],"curies":[{"name":"wp","href":"https:\/\/api.w.org\/{rel}","templated":true}]}}