{"id":395,"date":"2020-11-03T08:24:36","date_gmt":"2020-11-03T08:24:36","guid":{"rendered":"http:\/\/remico-comprest.ro\/?page_id=395"},"modified":"2020-11-03T09:20:11","modified_gmt":"2020-11-03T09:20:11","slug":"ce-facem-produse-remico-comprest","status":"publish","type":"page","link":"https:\/\/remico-comprest.ro\/de\/was-wir-tun-produkte\/","title":{"rendered":"PRODUKTE"},"content":{"rendered":"<div data-elementor-type=\"wp-page\" data-elementor-id=\"395\" class=\"elementor elementor-395\" data-elementor-settings=\"[]\">\n\t\t\t\t\t\t<div class=\"elementor-inner\">\n\t\t\t\t\t\t\t<div class=\"elementor-section-wrap\">\n\t\t\t\t\t\t\t<section class=\"elementor-section elementor-top-section elementor-element elementor-element-e7c8a4e elementor-section-height-min-height elementor-section-boxed elementor-section-height-default elementor-section-items-middle\" data-id=\"e7c8a4e\" data-element_type=\"section\" data-settings=\"{&quot;background_background&quot;:&quot;classic&quot;}\">\n\t\t\t\t\t\t\t<div class=\"elementor-background-overlay\"><\/div>\n\t\t\t\t\t\t\t<div class=\"elementor-container elementor-column-gap-default\">\n\t\t\t\t\t\t\t<div class=\"elementor-row\">\n\t\t\t\t\t<div class=\"elementor-column elementor-col-50 elementor-top-column elementor-element elementor-element-5c883fd\" data-id=\"5c883fd\" data-element_type=\"column\">\n\t\t\t<div class=\"elementor-column-wrap\">\n\t\t\t\t\t\t\t<div class=\"elementor-widget-wrap\">\n\t\t\t\t\t\t\t\t<\/div>\n\t\t\t\t\t<\/div>\n\t\t<\/div>\n\t\t\t\t<div class=\"elementor-column elementor-col-50 elementor-top-column elementor-element elementor-element-c954fce\" data-id=\"c954fce\" data-element_type=\"column\">\n\t\t\t<div class=\"elementor-column-wrap elementor-element-populated\">\n\t\t\t\t\t\t\t<div class=\"elementor-widget-wrap\">\n\t\t\t\t\t\t<div class=\"elementor-element elementor-element-364190b elementor-widget elementor-widget-heading\" data-id=\"364190b\" data-element_type=\"widget\" data-widget_type=\"heading.default\">\n\t\t\t\t<div class=\"elementor-widget-container\">\n\t\t\t<h6 class=\"elementor-heading-title elementor-size-default\">Was wir tun<\/h6>\t\t<\/div>\n\t\t\t\t<\/div>\n\t\t\t\t<div class=\"elementor-element elementor-element-584f4c9 elementor-widget elementor-widget-heading\" data-id=\"584f4c9\" data-element_type=\"widget\" data-widget_type=\"heading.default\">\n\t\t\t\t<div class=\"elementor-widget-container\">\n\t\t\t<h2 class=\"elementor-heading-title elementor-size-default\">PRODUKTE<\/h2>\t\t<\/div>\n\t\t\t\t<\/div>\n\t\t\t\t\t\t<\/div>\n\t\t\t\t\t<\/div>\n\t\t<\/div>\n\t\t\t\t\t\t\t\t<\/div>\n\t\t\t\t\t<\/div>\n\t\t<\/section>\n\t\t\t\t<section class=\"elementor-section elementor-top-section elementor-element elementor-element-d28b401 elementor-section-boxed elementor-section-height-default elementor-section-height-default\" data-id=\"d28b401\" data-element_type=\"section\">\n\t\t\t\t\t\t<div class=\"elementor-container elementor-column-gap-default\">\n\t\t\t\t\t\t\t<div class=\"elementor-row\">\n\t\t\t\t\t<div class=\"elementor-column elementor-col-33 elementor-top-column elementor-element elementor-element-01f394d\" data-id=\"01f394d\" data-element_type=\"column\" data-settings=\"{&quot;background_background&quot;:&quot;classic&quot;}\">\n\t\t\t<div class=\"elementor-column-wrap elementor-element-populated\">\n\t\t\t\t\t\t\t<div class=\"elementor-widget-wrap\">\n\t\t\t\t\t\t<div class=\"elementor-element elementor-element-5d76c4a elementor-widget elementor-widget-image\" data-id=\"5d76c4a\" data-element_type=\"widget\" data-widget_type=\"image.default\">\n\t\t\t\t<div class=\"elementor-widget-container\">\n\t\t\t\t\t<div class=\"elementor-image\">\n\t\t\t\t\t\t\t\t\t\t<img width=\"2048\" height=\"1365\" src=\"https:\/\/remico-comprest.ro\/wp-content\/uploads\/2020\/11\/ce-facem-produse-2.jpg\" class=\"elementor-animation-float attachment-full size-full\" alt=\"\" loading=\"lazy\" srcset=\"https:\/\/remico-comprest.ro\/wp-content\/uploads\/2020\/11\/ce-facem-produse-2.jpg 2048w, https:\/\/remico-comprest.ro\/wp-content\/uploads\/2020\/11\/ce-facem-produse-2-300x200.jpg 300w, https:\/\/remico-comprest.ro\/wp-content\/uploads\/2020\/11\/ce-facem-produse-2-1024x683.jpg 1024w, https:\/\/remico-comprest.ro\/wp-content\/uploads\/2020\/11\/ce-facem-produse-2-768x512.jpg 768w, https:\/\/remico-comprest.ro\/wp-content\/uploads\/2020\/11\/ce-facem-produse-2-1536x1024.jpg 1536w\" sizes=\"(max-width: 2048px) 100vw, 2048px\" \/>\t\t\t\t\t\t\t\t\t\t\t<\/div>\n\t\t\t\t<\/div>\n\t\t\t\t<\/div>\n\t\t\t\t<div class=\"elementor-element elementor-element-036230d elementor-widget elementor-widget-text-editor\" data-id=\"036230d\" data-element_type=\"widget\" data-widget_type=\"text-editor.default\">\n\t\t\t\t<div class=\"elementor-widget-container\">\n\t\t\t\t\t<div class=\"elementor-text-editor elementor-clearfix\"><p>* Flansche gem\u00e4\u00df SR ISO 7005 im Bereich DN 40\u2014DN 1000; PN 2,5\u2014PN 64;<\/p><p>* Montageausgleicher aus Stahl im Bereich DN 40\u2014 DN 1000; PN 2,5\u2014PN 64;<\/p><p>* Gleiche oder reduzierte Einfach- oder Doppel-Abzweiger aus Schwei\u00dfstahl im Bereich DN 40\u2014DN 2000;<\/p><p>* Gleiche oder reduzierte Einfach- oder Doppel-Abzweiger aus Schwei\u00dfstahl f\u00fcr Azbo, PREMO, Bucov oder PVC Rohrleitung-Netzwerke im Bereich DN 40\u2014DN 2000;<\/p><p>* Kr\u00fcmmer und Kurven, die durch mechanisches Schwei\u00dfen im Bereich DN 40\u2014DN 1000; PN 2,5\u2014PN 64 ausgef\u00fchrt werden;<\/p><p>* Flanschadapter (Gibault) f\u00fcr Azbo oder PVC Rohrleitung-Netzwerke im Bereich DN 100\u2014DN 400;<\/p><p>* Metallverarbeitung f\u00fcr \u00f6kologische Zentralheizungsanlagen auf Pelletbetrieb mit Leistungen zwischen 20 und 150 KW.<\/p><\/div>\n\t\t\t\t<\/div>\n\t\t\t\t<\/div>\n\t\t\t\t<div class=\"elementor-element elementor-element-3ecee44 elementor-widget elementor-widget-image\" data-id=\"3ecee44\" data-element_type=\"widget\" data-widget_type=\"image.default\">\n\t\t\t\t<div class=\"elementor-widget-container\">\n\t\t\t\t\t<div class=\"elementor-image\">\n\t\t\t\t\t\t\t\t\t\t<img width=\"2048\" height=\"1365\" src=\"https:\/\/remico-comprest.ro\/wp-content\/uploads\/2020\/11\/ce-facem-produse-5.jpg\" class=\"elementor-animation-float attachment-full size-full\" alt=\"\" loading=\"lazy\" srcset=\"https:\/\/remico-comprest.ro\/wp-content\/uploads\/2020\/11\/ce-facem-produse-5.jpg 2048w, https:\/\/remico-comprest.ro\/wp-content\/uploads\/2020\/11\/ce-facem-produse-5-300x200.jpg 300w, https:\/\/remico-comprest.ro\/wp-content\/uploads\/2020\/11\/ce-facem-produse-5-1024x683.jpg 1024w, https:\/\/remico-comprest.ro\/wp-content\/uploads\/2020\/11\/ce-facem-produse-5-768x512.jpg 768w, https:\/\/remico-comprest.ro\/wp-content\/uploads\/2020\/11\/ce-facem-produse-5-1536x1024.jpg 1536w\" sizes=\"(max-width: 2048px) 100vw, 2048px\" \/>\t\t\t\t\t\t\t\t\t\t\t<\/div>\n\t\t\t\t<\/div>\n\t\t\t\t<\/div>\n\t\t\t\t\t\t<\/div>\n\t\t\t\t\t<\/div>\n\t\t<\/div>\n\t\t\t\t<div class=\"elementor-column elementor-col-33 elementor-top-column elementor-element elementor-element-547e883\" data-id=\"547e883\" data-element_type=\"column\" data-settings=\"{&quot;background_background&quot;:&quot;classic&quot;}\">\n\t\t\t<div class=\"elementor-column-wrap elementor-element-populated\">\n\t\t\t\t\t\t\t<div class=\"elementor-widget-wrap\">\n\t\t\t\t\t\t<div class=\"elementor-element elementor-element-97f54b9 elementor-widget elementor-widget-image\" data-id=\"97f54b9\" data-element_type=\"widget\" data-widget_type=\"image.default\">\n\t\t\t\t<div class=\"elementor-widget-container\">\n\t\t\t\t\t<div class=\"elementor-image\">\n\t\t\t\t\t\t\t\t\t\t<img width=\"2048\" height=\"1365\" src=\"https:\/\/remico-comprest.ro\/wp-content\/uploads\/2020\/11\/ce-facem-produse-3.jpg\" class=\"elementor-animation-float attachment-full size-full\" alt=\"\" loading=\"lazy\" srcset=\"https:\/\/remico-comprest.ro\/wp-content\/uploads\/2020\/11\/ce-facem-produse-3.jpg 2048w, https:\/\/remico-comprest.ro\/wp-content\/uploads\/2020\/11\/ce-facem-produse-3-300x200.jpg 300w, https:\/\/remico-comprest.ro\/wp-content\/uploads\/2020\/11\/ce-facem-produse-3-1024x683.jpg 1024w, https:\/\/remico-comprest.ro\/wp-content\/uploads\/2020\/11\/ce-facem-produse-3-768x512.jpg 768w, https:\/\/remico-comprest.ro\/wp-content\/uploads\/2020\/11\/ce-facem-produse-3-1536x1024.jpg 1536w\" sizes=\"(max-width: 2048px) 100vw, 2048px\" \/>\t\t\t\t\t\t\t\t\t\t\t<\/div>\n\t\t\t\t<\/div>\n\t\t\t\t<\/div>\n\t\t\t\t<div class=\"elementor-element elementor-element-1667d9a elementor-widget elementor-widget-text-editor\" data-id=\"1667d9a\" data-element_type=\"widget\" data-widget_type=\"text-editor.default\">\n\t\t\t\t<div class=\"elementor-widget-container\">\n\t\t\t\t\t<div class=\"elementor-text-editor elementor-clearfix\"><p>* Druckberichtigungsflanschen f\u00fcr Azbo, PREMO oder Bucov Rohrleitung-Netzwerke im Bereich DN 100\u2014DN 1000;<\/p><p>* L\u00fcftungsger\u00e4te \u2013 Entl\u00fcftung f\u00fcr Pipeline-Netzwerke DN 80, beziehungsweise DN 150;<\/p><p>* Symmetrische und asymmetrische Reduzierbuchsen, die durch mechanisches Schwei\u00dfen im Bereich DN 40\u2014DN 2000 ausgef\u00fchrt werden;<\/p><p>* Dichtungen stromabw\u00e4rts und stromaufw\u00e4rts von Pipeline-Netzwerken im Bereich DN 100\u2014DN 1000;<\/p><p>* Bet\u00e4tigungsstange des Wasserhahns im Bereich DN 100\u2014DN 1000;<\/p><p>* Elastische Kupplungen (Komplett-Set);<\/p><p>* Achsen, Wellen und Buchsen in verschiedenen Gr\u00f6\u00dfen und Formen im Bereich von Durchmessern 5-420 mm, beziehungsweise L\u00e4ngen bis zu 2000 mm, die durch Zerspannungsverfahren ausgef\u00fchrt werden;<\/p><p>* Kontrollsch\u00e4chte in verschiedenen Formen und Gr\u00f6\u00dfen, Winden, mechanische Bremssysteme, Luke f\u00fcr Werften;<\/p><\/div>\n\t\t\t\t<\/div>\n\t\t\t\t<\/div>\n\t\t\t\t<div class=\"elementor-element elementor-element-27fdd63 elementor-widget elementor-widget-image\" data-id=\"27fdd63\" data-element_type=\"widget\" data-widget_type=\"image.default\">\n\t\t\t\t<div class=\"elementor-widget-container\">\n\t\t\t\t\t<div class=\"elementor-image\">\n\t\t\t\t\t\t\t\t\t\t<img width=\"2048\" height=\"1365\" src=\"https:\/\/remico-comprest.ro\/wp-content\/uploads\/2020\/11\/ce-facem-produse-6.jpg\" class=\"elementor-animation-float attachment-full size-full\" alt=\"\" loading=\"lazy\" srcset=\"https:\/\/remico-comprest.ro\/wp-content\/uploads\/2020\/11\/ce-facem-produse-6.jpg 2048w, https:\/\/remico-comprest.ro\/wp-content\/uploads\/2020\/11\/ce-facem-produse-6-300x200.jpg 300w, https:\/\/remico-comprest.ro\/wp-content\/uploads\/2020\/11\/ce-facem-produse-6-1024x683.jpg 1024w, https:\/\/remico-comprest.ro\/wp-content\/uploads\/2020\/11\/ce-facem-produse-6-768x512.jpg 768w, https:\/\/remico-comprest.ro\/wp-content\/uploads\/2020\/11\/ce-facem-produse-6-1536x1024.jpg 1536w\" sizes=\"(max-width: 2048px) 100vw, 2048px\" \/>\t\t\t\t\t\t\t\t\t\t\t<\/div>\n\t\t\t\t<\/div>\n\t\t\t\t<\/div>\n\t\t\t\t\t\t<\/div>\n\t\t\t\t\t<\/div>\n\t\t<\/div>\n\t\t\t\t<div class=\"elementor-column elementor-col-33 elementor-top-column elementor-element elementor-element-e411d8a\" data-id=\"e411d8a\" data-element_type=\"column\" data-settings=\"{&quot;background_background&quot;:&quot;classic&quot;}\">\n\t\t\t<div class=\"elementor-column-wrap elementor-element-populated\">\n\t\t\t\t\t\t\t<div class=\"elementor-widget-wrap\">\n\t\t\t\t\t\t<div class=\"elementor-element elementor-element-8a8c3b8 elementor-widget elementor-widget-image\" data-id=\"8a8c3b8\" data-element_type=\"widget\" data-widget_type=\"image.default\">\n\t\t\t\t<div class=\"elementor-widget-container\">\n\t\t\t\t\t<div class=\"elementor-image\">\n\t\t\t\t\t\t\t\t\t\t<img width=\"2048\" height=\"1365\" src=\"https:\/\/remico-comprest.ro\/wp-content\/uploads\/2020\/11\/ce-facem-produse-4.jpg\" class=\"elementor-animation-float attachment-full size-full\" alt=\"\" loading=\"lazy\" srcset=\"https:\/\/remico-comprest.ro\/wp-content\/uploads\/2020\/11\/ce-facem-produse-4.jpg 2048w, https:\/\/remico-comprest.ro\/wp-content\/uploads\/2020\/11\/ce-facem-produse-4-300x200.jpg 300w, https:\/\/remico-comprest.ro\/wp-content\/uploads\/2020\/11\/ce-facem-produse-4-1024x683.jpg 1024w, https:\/\/remico-comprest.ro\/wp-content\/uploads\/2020\/11\/ce-facem-produse-4-768x512.jpg 768w, https:\/\/remico-comprest.ro\/wp-content\/uploads\/2020\/11\/ce-facem-produse-4-1536x1024.jpg 1536w\" sizes=\"(max-width: 2048px) 100vw, 2048px\" \/>\t\t\t\t\t\t\t\t\t\t\t<\/div>\n\t\t\t\t<\/div>\n\t\t\t\t<\/div>\n\t\t\t\t<div class=\"elementor-element elementor-element-e62cd83 elementor-widget elementor-widget-text-editor\" data-id=\"e62cd83\" data-element_type=\"widget\" data-widget_type=\"text-editor.default\">\n\t\t\t\t<div class=\"elementor-widget-container\">\n\t\t\t\t\t<div class=\"elementor-text-editor elementor-clearfix\"><p>* S\u00e4ulen, Balken, Keilen, Treppen und Zugangswege oder jedes Element, das Teil der Metallstrukturen der Hallen bis zu einem Gewicht von 5 Tonnen ist, was durch mechanische Schwei\u00dfverfahren ausgef\u00fchrt werden (Die Baugruppe kann bis zu 20 Tonnen haben);<\/p><p>* M\u00f6bel f\u00fcr Bars, Restaurants, verschiedene Stra\u00dfenm\u00f6bel, f\u00fcr Parks, einschlie\u00dflich Stra\u00dfenm\u00fclleimer aus Metall und Holz;<\/p><p>* Lichtmasten f\u00fcr Parks, Gassen und Stra\u00dfen aus Metall und Holz;<\/p><p>* Teil gem\u00e4\u00df Ausf\u00fchrungszeichnung im Bereich von Durchmessern 5 bis 1080 mm bzw. L\u00e4ngen bis zu 2000 mm, das durch Zerspannungs- und\/oder mechanische Schwei\u00dfverfahren ausgef\u00fchrt werden kann;<\/p><p>* Jedes Einzelst\u00fcck nach Ausf\u00fchrungszeichnung bis zu einem Gewicht von 5 Tonnen, das durch mechanische Schwei\u00dfverfahren ausgef\u00fchrt werden kann (die Baugruppe kann bis zu 20 Tonnen haben);<\/p><\/div>\n\t\t\t\t<\/div>\n\t\t\t\t<\/div>\n\t\t\t\t<div class=\"elementor-element elementor-element-e3adfcf elementor-widget elementor-widget-image\" data-id=\"e3adfcf\" data-element_type=\"widget\" data-widget_type=\"image.default\">\n\t\t\t\t<div class=\"elementor-widget-container\">\n\t\t\t\t\t<div class=\"elementor-image\">\n\t\t\t\t\t\t\t\t\t\t<img width=\"2048\" height=\"1365\" src=\"https:\/\/remico-comprest.ro\/wp-content\/uploads\/2020\/11\/ce-facem-produse-7.jpg\" class=\"elementor-animation-float attachment-full size-full\" alt=\"\" loading=\"lazy\" srcset=\"https:\/\/remico-comprest.ro\/wp-content\/uploads\/2020\/11\/ce-facem-produse-7.jpg 2048w, https:\/\/remico-comprest.ro\/wp-content\/uploads\/2020\/11\/ce-facem-produse-7-300x200.jpg 300w, https:\/\/remico-comprest.ro\/wp-content\/uploads\/2020\/11\/ce-facem-produse-7-1024x683.jpg 1024w, https:\/\/remico-comprest.ro\/wp-content\/uploads\/2020\/11\/ce-facem-produse-7-768x512.jpg 768w, https:\/\/remico-comprest.ro\/wp-content\/uploads\/2020\/11\/ce-facem-produse-7-1536x1024.jpg 1536w\" sizes=\"(max-width: 2048px) 100vw, 2048px\" \/>\t\t\t\t\t\t\t\t\t\t\t<\/div>\n\t\t\t\t<\/div>\n\t\t\t\t<\/div>\n\t\t\t\t\t\t<\/div>\n\t\t\t\t\t<\/div>\n\t\t<\/div>\n\t\t\t\t\t\t\t\t<\/div>\n\t\t\t\t\t<\/div>\n\t\t<\/section>\n\t\t\t\t\t\t<\/div>\n\t\t\t\t\t\t<\/div>\n\t\t\t\t\t<\/div>","protected":false},"excerpt":{"rendered":"<p>Ce facem la REMICO COMPREST Produse * Flan\u0219e conform SR ISO 7005 \u00een gama DN 40\u2014DN 1000; PN 2,5\u2014PN 64; * Compensatori de montaj din o\u021bel \u00een gama DN 40\u2014DN 1000; PN 2,5\u2014PN 64; * Ramifica\u021bii simpl\u0103 sau dubl\u0103 egale sau reduse, executate din o\u021bel pentru sudur\u0103 in gama DN 40\u2014DN 2000; * Ramifica\u021bii simpl\u0103 [&hellip;]<\/p>","protected":false},"author":1,"featured_media":0,"parent":0,"menu_order":0,"comment_status":"closed","ping_status":"closed","template":"","meta":[],"_links":{"self":[{"href":"https:\/\/remico-comprest.ro\/de\/wp-json\/wp\/v2\/pages\/395"}],"collection":[{"href":"https:\/\/remico-comprest.ro\/de\/wp-json\/wp\/v2\/pages"}],"about":[{"href":"https:\/\/remico-comprest.ro\/de\/wp-json\/wp\/v2\/types\/page"}],"author":[{"embeddable":true,"href":"https:\/\/remico-comprest.ro\/de\/wp-json\/wp\/v2\/users\/1"}],"replies":[{"embeddable":true,"href":"https:\/\/remico-comprest.ro\/de\/wp-json\/wp\/v2\/comments?post=395"}],"version-history":[{"count":0,"href":"https:\/\/remico-comprest.ro\/de\/wp-json\/wp\/v2\/pages\/395\/revisions"}],"wp:attachment":[{"href":"https:\/\/remico-comprest.ro\/de\/wp-json\/wp\/v2\/media?parent=395"}],"curies":[{"name":"wp","href":"https:\/\/api.w.org\/{rel}","templated":true}]}}