{"id":348,"date":"2020-11-02T07:12:00","date_gmt":"2020-11-02T07:12:00","guid":{"rendered":"http:\/\/remico-comprest.ro\/?page_id=348"},"modified":"2021-01-25T08:52:59","modified_gmt":"2021-01-25T08:52:59","slug":"despre-remico-comprest-misiune-viziune-valori","status":"publish","type":"page","link":"https:\/\/remico-comprest.ro\/de\/impressum-remico-comprest-mission-vision-werte\/","title":{"rendered":"Misiune, viziune, valori"},"content":{"rendered":"<div data-elementor-type=\"wp-page\" data-elementor-id=\"348\" class=\"elementor elementor-348\" data-elementor-settings=\"[]\">\n\t\t\t\t\t\t<div class=\"elementor-inner\">\n\t\t\t\t\t\t\t<div class=\"elementor-section-wrap\">\n\t\t\t\t\t\t\t<section class=\"elementor-section elementor-top-section elementor-element elementor-element-e7c8a4e elementor-section-height-min-height elementor-section-items-bottom elementor-section-boxed elementor-section-height-default\" data-id=\"e7c8a4e\" data-element_type=\"section\" data-settings=\"{&quot;background_background&quot;:&quot;classic&quot;}\">\n\t\t\t\t\t\t\t<div class=\"elementor-background-overlay\"><\/div>\n\t\t\t\t\t\t\t<div class=\"elementor-container elementor-column-gap-default\">\n\t\t\t\t\t\t\t<div class=\"elementor-row\">\n\t\t\t\t\t<div class=\"elementor-column elementor-col-50 elementor-top-column elementor-element elementor-element-5c883fd\" data-id=\"5c883fd\" data-element_type=\"column\">\n\t\t\t<div class=\"elementor-column-wrap\">\n\t\t\t\t\t\t\t<div class=\"elementor-widget-wrap\">\n\t\t\t\t\t\t\t\t<\/div>\n\t\t\t\t\t<\/div>\n\t\t<\/div>\n\t\t\t\t<div class=\"elementor-column elementor-col-50 elementor-top-column elementor-element elementor-element-c954fce\" data-id=\"c954fce\" data-element_type=\"column\">\n\t\t\t<div class=\"elementor-column-wrap elementor-element-populated\">\n\t\t\t\t\t\t\t<div class=\"elementor-widget-wrap\">\n\t\t\t\t\t\t<div class=\"elementor-element elementor-element-364190b elementor-widget elementor-widget-heading\" data-id=\"364190b\" data-element_type=\"widget\" data-widget_type=\"heading.default\">\n\t\t\t\t<div class=\"elementor-widget-container\">\n\t\t\t<h6 class=\"elementor-heading-title elementor-size-default\">Impressum Remico Comprest<\/h6>\t\t<\/div>\n\t\t\t\t<\/div>\n\t\t\t\t<div class=\"elementor-element elementor-element-584f4c9 elementor-widget elementor-widget-heading\" data-id=\"584f4c9\" data-element_type=\"widget\" data-widget_type=\"heading.default\">\n\t\t\t\t<div class=\"elementor-widget-container\">\n\t\t\t<h2 class=\"elementor-heading-title elementor-size-default\">Mission, Vision, Werte<\/h2>\t\t<\/div>\n\t\t\t\t<\/div>\n\t\t\t\t<div class=\"elementor-element elementor-element-d28e888 elementor-widget elementor-widget-text-editor\" data-id=\"d28e888\" data-element_type=\"widget\" data-widget_type=\"text-editor.default\">\n\t\t\t\t<div class=\"elementor-widget-container\">\n\t\t\t\t\t<div class=\"elementor-text-editor elementor-clearfix\"><p>Mit 20 Jahren Erfahrung ist REMICO COMPREST ein erfolgreiches Unternehmen f\u00fcr die Herstellung von Metallkonstruktionen und Konstruktionselementen, dessen Hauptt\u00e4tigkeitsgegenstand die mechanische Bearbeitung, die Montage von Metallkonstruktionen, Reparaturen von Elektropumpen, Hoch- und Tiefbauwesen, Industriebauten sowie Meliorationen sind.<\/p><p>Unser Unternehmen verf\u00fcgt auch \u00fcber die Produktionskapazit\u00e4t, die f\u00fcr die Sanierung und Modernisierung von Bew\u00e4sserungssystemen erforderlich ist. Diese Arbeiten beziehen sich sowohl auf die Netze der Bew\u00e4sserungsrohre als auch auf die Pumpstationen, die diese bedienen.<\/p><\/div>\n\t\t\t\t<\/div>\n\t\t\t\t<\/div>\n\t\t\t\t\t\t<\/div>\n\t\t\t\t\t<\/div>\n\t\t<\/div>\n\t\t\t\t\t\t\t\t<\/div>\n\t\t\t\t\t<\/div>\n\t\t<\/section>\n\t\t\t\t<section class=\"elementor-section elementor-top-section elementor-element elementor-element-bc0eb74 elementor-section-boxed elementor-section-height-default elementor-section-height-default\" data-id=\"bc0eb74\" data-element_type=\"section\" data-settings=\"{&quot;background_background&quot;:&quot;classic&quot;}\">\n\t\t\t\t\t\t\t<div class=\"elementor-background-overlay\"><\/div>\n\t\t\t\t\t\t\t<div class=\"elementor-container elementor-column-gap-no\">\n\t\t\t\t\t\t\t<div class=\"elementor-row\">\n\t\t\t\t\t<div class=\"elementor-column elementor-col-100 elementor-top-column elementor-element elementor-element-18c03f6\" data-id=\"18c03f6\" data-element_type=\"column\">\n\t\t\t<div class=\"elementor-column-wrap elementor-element-populated\">\n\t\t\t\t\t\t\t<div class=\"elementor-widget-wrap\">\n\t\t\t\t\t\t<section class=\"elementor-section elementor-inner-section elementor-element elementor-element-dd286b1 elementor-section-full_width elementor-section-height-default elementor-section-height-default\" data-id=\"dd286b1\" data-element_type=\"section\">\n\t\t\t\t\t\t<div class=\"elementor-container elementor-column-gap-default\">\n\t\t\t\t\t\t\t<div class=\"elementor-row\">\n\t\t\t\t\t<div class=\"elementor-column elementor-col-50 elementor-inner-column elementor-element elementor-element-19015b8\" data-id=\"19015b8\" data-element_type=\"column\" data-settings=\"{&quot;background_background&quot;:&quot;classic&quot;}\">\n\t\t\t<div class=\"elementor-column-wrap elementor-element-populated\">\n\t\t\t\t\t\t\t<div class=\"elementor-widget-wrap\">\n\t\t\t\t\t\t<div class=\"elementor-element elementor-element-5e468c1 elementor-widget elementor-widget-heading\" data-id=\"5e468c1\" data-element_type=\"widget\" data-widget_type=\"heading.default\">\n\t\t\t\t<div class=\"elementor-widget-container\">\n\t\t\t<h3 class=\"elementor-heading-title elementor-size-default\">Mission<\/h3>\t\t<\/div>\n\t\t\t\t<\/div>\n\t\t\t\t<div class=\"elementor-element elementor-element-0659cb7 elementor-widget elementor-widget-text-editor\" data-id=\"0659cb7\" data-element_type=\"widget\" data-widget_type=\"text-editor.default\">\n\t\t\t\t<div class=\"elementor-widget-container\">\n\t\t\t\t\t<div class=\"elementor-text-editor elementor-clearfix\"><ul><li>Erstellen von qualitativ hochwertigen Produkten, die nach Kundenwunsch entworfen und hergestellt werden,<\/li><li>Kontinuierliche Weiterentwicklung, Erweiterung des Produkt- und Kundenportfolios sowie der T\u00e4tigkeitsgegenst\u00e4nde.<\/li><li>Bereitstellung moderner L\u00f6sungen f\u00fcr die Umsetzung der Projekte unserer Kunden.<\/li><\/ul><\/div>\n\t\t\t\t<\/div>\n\t\t\t\t<\/div>\n\t\t\t\t\t\t<\/div>\n\t\t\t\t\t<\/div>\n\t\t<\/div>\n\t\t\t\t<div class=\"elementor-column elementor-col-50 elementor-inner-column elementor-element elementor-element-0390400\" data-id=\"0390400\" data-element_type=\"column\" data-settings=\"{&quot;background_background&quot;:&quot;classic&quot;}\">\n\t\t\t<div class=\"elementor-column-wrap elementor-element-populated\">\n\t\t\t\t\t<div class=\"elementor-background-overlay\"><\/div>\n\t\t\t\t\t\t\t<div class=\"elementor-widget-wrap\">\n\t\t\t\t\t\t<div class=\"elementor-element elementor-element-5f2d903 elementor-widget elementor-widget-spacer\" data-id=\"5f2d903\" data-element_type=\"widget\" data-widget_type=\"spacer.default\">\n\t\t\t\t<div class=\"elementor-widget-container\">\n\t\t\t\t\t<div class=\"elementor-spacer\">\n\t\t\t<div class=\"elementor-spacer-inner\"><\/div>\n\t\t<\/div>\n\t\t\t\t<\/div>\n\t\t\t\t<\/div>\n\t\t\t\t\t\t<\/div>\n\t\t\t\t\t<\/div>\n\t\t<\/div>\n\t\t\t\t\t\t\t\t<\/div>\n\t\t\t\t\t<\/div>\n\t\t<\/section>\n\t\t\t\t<section class=\"elementor-section elementor-inner-section elementor-element elementor-element-d61c50f elementor-section-full_width elementor-reverse-tablet elementor-reverse-mobile elementor-section-height-default elementor-section-height-default\" data-id=\"d61c50f\" data-element_type=\"section\">\n\t\t\t\t\t\t<div class=\"elementor-container elementor-column-gap-default\">\n\t\t\t\t\t\t\t<div class=\"elementor-row\">\n\t\t\t\t\t<div class=\"elementor-column elementor-col-50 elementor-inner-column elementor-element elementor-element-03b1dc3\" data-id=\"03b1dc3\" data-element_type=\"column\" data-settings=\"{&quot;background_background&quot;:&quot;classic&quot;}\">\n\t\t\t<div class=\"elementor-column-wrap elementor-element-populated\">\n\t\t\t\t\t\t\t<div class=\"elementor-widget-wrap\">\n\t\t\t\t\t\t<div class=\"elementor-element elementor-element-34da75f elementor-widget elementor-widget-spacer\" data-id=\"34da75f\" data-element_type=\"widget\" data-widget_type=\"spacer.default\">\n\t\t\t\t<div class=\"elementor-widget-container\">\n\t\t\t\t\t<div class=\"elementor-spacer\">\n\t\t\t<div class=\"elementor-spacer-inner\"><\/div>\n\t\t<\/div>\n\t\t\t\t<\/div>\n\t\t\t\t<\/div>\n\t\t\t\t\t\t<\/div>\n\t\t\t\t\t<\/div>\n\t\t<\/div>\n\t\t\t\t<div class=\"elementor-column elementor-col-50 elementor-inner-column elementor-element elementor-element-dae38a1\" data-id=\"dae38a1\" data-element_type=\"column\" data-settings=\"{&quot;background_background&quot;:&quot;classic&quot;}\">\n\t\t\t<div class=\"elementor-column-wrap elementor-element-populated\">\n\t\t\t\t\t\t\t<div class=\"elementor-widget-wrap\">\n\t\t\t\t\t\t<div class=\"elementor-element elementor-element-d4ff11b elementor-widget elementor-widget-heading\" data-id=\"d4ff11b\" data-element_type=\"widget\" data-widget_type=\"heading.default\">\n\t\t\t\t<div class=\"elementor-widget-container\">\n\t\t\t<h3 class=\"elementor-heading-title elementor-size-default\">Vision<\/h3>\t\t<\/div>\n\t\t\t\t<\/div>\n\t\t\t\t<div class=\"elementor-element elementor-element-9233fc6 elementor-widget elementor-widget-text-editor\" data-id=\"9233fc6\" data-element_type=\"widget\" data-widget_type=\"text-editor.default\">\n\t\t\t\t<div class=\"elementor-widget-container\">\n\t\t\t\t\t<div class=\"elementor-text-editor elementor-clearfix\"><ul><li>Bereitstellung exzellenter Produkte, Dienstleistungen und Fachkenntnisse f\u00fcr unsere Partner durch einen integrierten Qualit\u00e4tsmanagementprozess.<\/li><li>Regional f\u00fchrend bei der Bereitstellung von Produkten und Dienstleistungen in unserem T\u00e4tigkeitsbereich zu sein.<\/li><\/ul><\/div>\n\t\t\t\t<\/div>\n\t\t\t\t<\/div>\n\t\t\t\t\t\t<\/div>\n\t\t\t\t\t<\/div>\n\t\t<\/div>\n\t\t\t\t\t\t\t\t<\/div>\n\t\t\t\t\t<\/div>\n\t\t<\/section>\n\t\t\t\t<section class=\"elementor-section elementor-inner-section elementor-element elementor-element-a9a443e elementor-section-full_width elementor-section-height-default elementor-section-height-default\" data-id=\"a9a443e\" data-element_type=\"section\">\n\t\t\t\t\t\t<div class=\"elementor-container elementor-column-gap-default\">\n\t\t\t\t\t\t\t<div class=\"elementor-row\">\n\t\t\t\t\t<div class=\"elementor-column elementor-col-50 elementor-inner-column elementor-element elementor-element-80ea500\" data-id=\"80ea500\" data-element_type=\"column\" data-settings=\"{&quot;background_background&quot;:&quot;classic&quot;}\">\n\t\t\t<div class=\"elementor-column-wrap elementor-element-populated\">\n\t\t\t\t\t\t\t<div class=\"elementor-widget-wrap\">\n\t\t\t\t\t\t<div class=\"elementor-element elementor-element-fb3baea elementor-widget elementor-widget-heading\" data-id=\"fb3baea\" data-element_type=\"widget\" data-widget_type=\"heading.default\">\n\t\t\t\t<div class=\"elementor-widget-container\">\n\t\t\t<h4 class=\"elementor-heading-title elementor-size-default\">Werte<\/h4>\t\t<\/div>\n\t\t\t\t<\/div>\n\t\t\t\t<div class=\"elementor-element elementor-element-ae7e13a elementor-widget elementor-widget-text-editor\" data-id=\"ae7e13a\" data-element_type=\"widget\" data-widget_type=\"text-editor.default\">\n\t\t\t\t<div class=\"elementor-widget-container\">\n\t\t\t\t\t<div class=\"elementor-text-editor elementor-clearfix\"><ul><li><span style=\"text-decoration: underline;\">Gesellschaft und Umwelt:<\/span>: durch unsere T\u00e4tigkeiten tragen wir zur Gesellschaft bei und sch\u00fctzen die Umwelt. Die Diversifizierung der Aktivit\u00e4ten mit Schwerpunkt auf der Entwicklung integrierter L\u00f6sungen und Projekte in der Landwirtschaft und der Sanierung st\u00e4dtischer Infrastrukturen ber\u00fccksichtigt die Priorit\u00e4ten der rum\u00e4nischen und europ\u00e4ischen Gesellschaft mit direkten Auswirkungen auf die Lebensqualit\u00e4t und die Umwelt.<\/li><li><span style=\"text-decoration: underline;\">Schnelligkeit<\/span> : wir verstehen schnell die Bed\u00fcrfnisse unserer Kunden und bieten ihnen professionelle und sofortige L\u00f6sungen f\u00fcr ihre Anforderungen. Wir erledigen die Dinge wie erwartet, schnell und gut und sind stolz darauf, dass wir w\u00e4hrend unserer gesamten Existenz keine Frist verpasst haben.<\/li><li><u>Humanressourcen<\/u>: wir respektieren die Vielfalt der Pers\u00f6nlichkeiten und unterst\u00fctzen die Entwicklung individueller F\u00e4higkeiten. Wir bem\u00fchen uns um ein komfortables und flexibles Arbeitsumfeld in einer Kultur, die auf pers\u00f6nlichem Engagement, Treue und Verantwortung basiert.<\/li><\/ul><\/div>\n\t\t\t\t<\/div>\n\t\t\t\t<\/div>\n\t\t\t\t\t\t<\/div>\n\t\t\t\t\t<\/div>\n\t\t<\/div>\n\t\t\t\t<div class=\"elementor-column elementor-col-50 elementor-inner-column elementor-element elementor-element-29a102e\" data-id=\"29a102e\" data-element_type=\"column\" data-settings=\"{&quot;background_background&quot;:&quot;classic&quot;}\">\n\t\t\t<div class=\"elementor-column-wrap elementor-element-populated\">\n\t\t\t\t\t\t\t<div class=\"elementor-widget-wrap\">\n\t\t\t\t\t\t<div class=\"elementor-element elementor-element-4f0be11 elementor-widget elementor-widget-spacer\" data-id=\"4f0be11\" data-element_type=\"widget\" data-widget_type=\"spacer.default\">\n\t\t\t\t<div class=\"elementor-widget-container\">\n\t\t\t\t\t<div class=\"elementor-spacer\">\n\t\t\t<div class=\"elementor-spacer-inner\"><\/div>\n\t\t<\/div>\n\t\t\t\t<\/div>\n\t\t\t\t<\/div>\n\t\t\t\t\t\t<\/div>\n\t\t\t\t\t<\/div>\n\t\t<\/div>\n\t\t\t\t\t\t\t\t<\/div>\n\t\t\t\t\t<\/div>\n\t\t<\/section>\n\t\t\t\t\t\t<\/div>\n\t\t\t\t\t<\/div>\n\t\t<\/div>\n\t\t\t\t\t\t\t\t<\/div>\n\t\t\t\t\t<\/div>\n\t\t<\/section>\n\t\t\t\t\t\t<\/div>\n\t\t\t\t\t\t<\/div>\n\t\t\t\t\t<\/div>","protected":false},"excerpt":{"rendered":"<p>Despre Remico Comprest Misiune, Viziune, Valori Cu 20 de ani de experien\u021b\u0103, REMICO COMPREST este o societate de produc\u021bie piese \u0219i structuri metalice de succes, av\u00e2nd ca principal obiect de activitate prelucr\u0103rile mecanice, asamblarea de structuri metalice, repara\u021bii electropompe, construc\u021bii civile \u0219i industriale \u0219i de \u00eembun\u0103t\u0103\u021biri funciare. De asemenea, societatea noastr\u0103 de\u021bine capacit\u0103\u021bile de produc\u021bie [&hellip;]<\/p>","protected":false},"author":1,"featured_media":0,"parent":0,"menu_order":0,"comment_status":"closed","ping_status":"closed","template":"","meta":[],"_links":{"self":[{"href":"https:\/\/remico-comprest.ro\/de\/wp-json\/wp\/v2\/pages\/348"}],"collection":[{"href":"https:\/\/remico-comprest.ro\/de\/wp-json\/wp\/v2\/pages"}],"about":[{"href":"https:\/\/remico-comprest.ro\/de\/wp-json\/wp\/v2\/types\/page"}],"author":[{"embeddable":true,"href":"https:\/\/remico-comprest.ro\/de\/wp-json\/wp\/v2\/users\/1"}],"replies":[{"embeddable":true,"href":"https:\/\/remico-comprest.ro\/de\/wp-json\/wp\/v2\/comments?post=348"}],"version-history":[{"count":0,"href":"https:\/\/remico-comprest.ro\/de\/wp-json\/wp\/v2\/pages\/348\/revisions"}],"wp:attachment":[{"href":"https:\/\/remico-comprest.ro\/de\/wp-json\/wp\/v2\/media?parent=348"}],"curies":[{"name":"wp","href":"https:\/\/api.w.org\/{rel}","templated":true}]}}